{"id":2572,"date":"2023-02-09T13:38:31","date_gmt":"2023-02-09T13:38:31","guid":{"rendered":"https:\/\/edupress.thimpress.com\/?page_id=2572"},"modified":"2025-09-01T18:28:47","modified_gmt":"2025-09-01T16:28:47","slug":"contact","status":"publish","type":"page","link":"https:\/\/www.trading-bot.fr\/en\/contact\/","title":{"rendered":"Contact us"},"content":{"rendered":"<div data-elementor-type=\"wp-page\" data-elementor-id=\"2572\" class=\"elementor elementor-2572\" data-elementor-post-type=\"page\">\n\t\t\t\t\t\t<section class=\"elementor-section elementor-top-section elementor-element elementor-element-39552a5 elementor-section-stretched elementor-section-boxed elementor-section-height-default elementor-section-height-default\" data-id=\"39552a5\" data-element_type=\"section\" data-settings=\"{&quot;stretch_section&quot;:&quot;section-stretched&quot;,&quot;background_background&quot;:&quot;classic&quot;}\">\n\t\t\t\t\t\t<div class=\"elementor-container elementor-column-gap-custom\">\n\t\t\t\t\t<div class=\"elementor-column elementor-col-100 elementor-top-column elementor-element elementor-element-cf28d56\" data-id=\"cf28d56\" data-element_type=\"column\">\n\t\t\t<div class=\"elementor-widget-wrap elementor-element-populated\">\n\t\t\t\t\t\t<div class=\"elementor-element elementor-element-6cd4df7 elementor-widget elementor-widget-image\" data-id=\"6cd4df7\" data-element_type=\"widget\" data-widget_type=\"image.default\">\n\t\t\t\t<div class=\"elementor-widget-container\">\n\t\t\t\t\t\t\t\t\t\t\t\t\t\t\t<img decoding=\"async\" width=\"150\" height=\"115\" src=\"https:\/\/www.trading-bot.fr\/wp-content\/uploads\/2024\/07\/contact-or-tradingbot.png\" class=\"attachment-thumbnail size-thumbnail wp-image-6268\" alt=\"\" \/>\t\t\t\t\t\t\t\t\t\t\t\t\t\t\t<\/div>\n\t\t\t\t<\/div>\n\t\t\t\t<div class=\"elementor-element elementor-element-fe1e571 elementor-widget elementor-widget-thim-ekits-heading\" data-id=\"fe1e571\" data-element_type=\"widget\" data-widget_type=\"thim-ekits-heading.default\">\n\t\t\t\t<div class=\"elementor-widget-container\">\n\t\t\t\t\t<div class=\"thim-ekits-heading thim-ekit__heading\"><h2 class=\"title\">Contact the Trading-Bot team<\/h2><h5 class=\"sub-heading\">Got a question? Got a problem? We're here to help!<br>\nWe'll answer all your questions personally and help you set up your trading tools. <\/h5>\t\t\t<div class='desc'>\n\t\t\t\t<p>You can write to us at <a href=\"mailto:co*****@*********ot.fr\" data-original-string=\"N97SJ3ytUcXiyR2ivraeYg==5863ijeMBSt7CcK77vIdUMVdToLOBq48qqX08QKChUBNHI=\" title=\"This contact has been encoded by Anti-Spam by CleanTalk. Click to decode. To finish the decoding make sure that JavaScript is enabled in your browser.\"><span style=\"color: #f0b90b\"><span \n                data-original-string='PIA\/kIstoPjgOuGZDwt6JA==5861RWbRM3fpy4a82DIwbgBaDFVpZVTkbOsnHVGnNKUJeg='\n                class='apbct-email-encoder'\n                title='This contact has been encoded by Anti-Spam by CleanTalk. Click to decode. To finish the decoding make sure that JavaScript is enabled in your browser.'>co<span class=\"apbct-blur\">*****<\/span>@<span class=\"apbct-blur\">*********<\/span>ot.fr<\/span><\/span><\/a><\/p>\t\t\t<\/div>\n\t\t<\/div>\t\t\t\t<\/div>\n\t\t\t\t<\/div>\n\t\t\t\t<div class=\"elementor-element elementor-element-e7b761b elementor-widget elementor-widget-image\" data-id=\"e7b761b\" data-element_type=\"widget\" data-widget_type=\"image.default\">\n\t\t\t\t<div class=\"elementor-widget-container\">\n\t\t\t\t\t\t\t\t\t\t\t\t\t\t\t<img fetchpriority=\"high\" decoding=\"async\" width=\"556\" height=\"346\" src=\"https:\/\/www.trading-bot.fr\/wp-content\/uploads\/2023\/02\/faqs.png\" class=\"attachment-large size-large wp-image-2568\" alt=\"faqs\" srcset=\"https:\/\/www.trading-bot.fr\/wp-content\/uploads\/2023\/02\/faqs.png 556w, https:\/\/www.trading-bot.fr\/wp-content\/uploads\/2023\/02\/faqs-300x187.png 300w\" sizes=\"(max-width: 556px) 100vw, 556px\" \/>\t\t\t\t\t\t\t\t\t\t\t\t\t\t\t<\/div>\n\t\t\t\t<\/div>\n\t\t\t\t\t<\/div>\n\t\t<\/div>\n\t\t\t\t\t<\/div>\n\t\t<\/section>\n\t\t\t\t<\/div>","protected":false},"excerpt":{"rendered":"<p>Contact the Trading-Bot team A question? Got a problem? We're here to help! We'll answer all your questions as quickly as possible...<\/p>","protected":false},"author":1,"featured_media":0,"parent":0,"menu_order":0,"comment_status":"closed","ping_status":"closed","template":"","meta":{"pmpro_default_level":"","footnotes":""},"class_list":["post-2572","page","type-page","status-publish","hentry","pmpro-has-access"],"yoast_head":"<!-- This site is optimized with the Yoast SEO plugin v27.4 - https:\/\/yoast.com\/product\/yoast-seo-wordpress\/ -->\n<title>Nous contacter -Trading Bot -<\/title>\n<meta name=\"robots\" content=\"index, follow, max-snippet:-1, max-image-preview:large, max-video-preview:-1\" \/>\n<link rel=\"canonical\" href=\"https:\/\/www.trading-bot.fr\/en\/contact\/\" \/>\n<meta property=\"og:locale\" content=\"en_US\" \/>\n<meta property=\"og:type\" content=\"article\" \/>\n<meta property=\"og:title\" content=\"Nous contacter -Trading Bot -\" \/>\n<meta property=\"og:description\" content=\"Contacter l&rsquo;\u00e9quipe de Trading-Bot Une question ? Un probl\u00e8me ? Nous sommes l\u00e0 pour vous aider ! Nous r\u00e9pondons \u00e0 toutes vos questions de fa\u00e7on...\" \/>\n<meta property=\"og:url\" content=\"https:\/\/www.trading-bot.fr\/en\/contact\/\" \/>\n<meta property=\"og:site_name\" content=\"-Trading Bot -\" \/>\n<meta property=\"article:modified_time\" content=\"2025-09-01T16:28:47+00:00\" \/>\n<meta property=\"og:image\" content=\"https:\/\/www.trading-bot.fr\/wp-content\/uploads\/2024\/07\/contact-or-tradingbot.png\" \/>\n\t<meta property=\"og:image:width\" content=\"150\" \/>\n\t<meta property=\"og:image:height\" content=\"115\" \/>\n\t<meta property=\"og:image:type\" content=\"image\/png\" \/>\n<meta name=\"twitter:card\" content=\"summary_large_image\" \/>\n<meta name=\"twitter:label1\" content=\"Est. reading time\" \/>\n\t<meta name=\"twitter:data1\" content=\"1 minute\" \/>\n<script type=\"application\/ld+json\" class=\"yoast-schema-graph\">{\"@context\":\"https:\\\/\\\/schema.org\",\"@graph\":[{\"@type\":\"WebPage\",\"@id\":\"https:\\\/\\\/www.trading-bot.fr\\\/contact\\\/\",\"url\":\"https:\\\/\\\/www.trading-bot.fr\\\/contact\\\/\",\"name\":\"Nous contacter -Trading Bot -\",\"isPartOf\":{\"@id\":\"https:\\\/\\\/www.trading-bot.fr\\\/#website\"},\"primaryImageOfPage\":{\"@id\":\"https:\\\/\\\/www.trading-bot.fr\\\/contact\\\/#primaryimage\"},\"image\":{\"@id\":\"https:\\\/\\\/www.trading-bot.fr\\\/contact\\\/#primaryimage\"},\"thumbnailUrl\":\"https:\\\/\\\/www.trading-bot.fr\\\/wp-content\\\/uploads\\\/2024\\\/07\\\/contact-or-tradingbot.png\",\"datePublished\":\"2023-02-09T13:38:31+00:00\",\"dateModified\":\"2025-09-01T16:28:47+00:00\",\"breadcrumb\":{\"@id\":\"https:\\\/\\\/www.trading-bot.fr\\\/contact\\\/#breadcrumb\"},\"inLanguage\":\"en-US\",\"potentialAction\":[{\"@type\":\"ReadAction\",\"target\":[\"https:\\\/\\\/www.trading-bot.fr\\\/contact\\\/\"]}]},{\"@type\":\"ImageObject\",\"inLanguage\":\"en-US\",\"@id\":\"https:\\\/\\\/www.trading-bot.fr\\\/contact\\\/#primaryimage\",\"url\":\"https:\\\/\\\/www.trading-bot.fr\\\/wp-content\\\/uploads\\\/2024\\\/07\\\/contact-or-tradingbot.png\",\"contentUrl\":\"https:\\\/\\\/www.trading-bot.fr\\\/wp-content\\\/uploads\\\/2024\\\/07\\\/contact-or-tradingbot.png\"},{\"@type\":\"BreadcrumbList\",\"@id\":\"https:\\\/\\\/www.trading-bot.fr\\\/contact\\\/#breadcrumb\",\"itemListElement\":[{\"@type\":\"ListItem\",\"position\":1,\"name\":\"Accueil\",\"item\":\"https:\\\/\\\/www.trading-bot.fr\\\/\"},{\"@type\":\"ListItem\",\"position\":2,\"name\":\"Nous contacter\"}]},{\"@type\":\"WebSite\",\"@id\":\"https:\\\/\\\/www.trading-bot.fr\\\/#website\",\"url\":\"https:\\\/\\\/www.trading-bot.fr\\\/\",\"name\":\"-Trading Bot -\",\"description\":\"Quelles cryptomonnaies choisir ? Comment automatiser son trading ?  Apprendre le robot trading crypto et le trading automatis\u00e9\",\"potentialAction\":[{\"@type\":\"SearchAction\",\"target\":{\"@type\":\"EntryPoint\",\"urlTemplate\":\"https:\\\/\\\/www.trading-bot.fr\\\/?s={search_term_string}\"},\"query-input\":{\"@type\":\"PropertyValueSpecification\",\"valueRequired\":true,\"valueName\":\"search_term_string\"}}],\"inLanguage\":\"en-US\"}]}<\/script>\n<!-- \/ Yoast SEO plugin. -->","yoast_head_json":{"title":"Nous contacter -Trading Bot -","robots":{"index":"index","follow":"follow","max-snippet":"max-snippet:-1","max-image-preview":"max-image-preview:large","max-video-preview":"max-video-preview:-1"},"canonical":"https:\/\/www.trading-bot.fr\/en\/contact\/","og_locale":"en_US","og_type":"article","og_title":"Nous contacter -Trading Bot -","og_description":"Contacter l&rsquo;\u00e9quipe de Trading-Bot Une question ? Un probl\u00e8me ? Nous sommes l\u00e0 pour vous aider ! Nous r\u00e9pondons \u00e0 toutes vos questions de fa\u00e7on...","og_url":"https:\/\/www.trading-bot.fr\/en\/contact\/","og_site_name":"-Trading Bot -","article_modified_time":"2025-09-01T16:28:47+00:00","og_image":[{"width":150,"height":115,"url":"https:\/\/www.trading-bot.fr\/wp-content\/uploads\/2024\/07\/contact-or-tradingbot.png","type":"image\/png"}],"twitter_card":"summary_large_image","twitter_misc":{"Est. reading time":"1 minute"},"schema":{"@context":"https:\/\/schema.org","@graph":[{"@type":"WebPage","@id":"https:\/\/www.trading-bot.fr\/contact\/","url":"https:\/\/www.trading-bot.fr\/contact\/","name":"Nous contacter -Trading Bot -","isPartOf":{"@id":"https:\/\/www.trading-bot.fr\/#website"},"primaryImageOfPage":{"@id":"https:\/\/www.trading-bot.fr\/contact\/#primaryimage"},"image":{"@id":"https:\/\/www.trading-bot.fr\/contact\/#primaryimage"},"thumbnailUrl":"https:\/\/www.trading-bot.fr\/wp-content\/uploads\/2024\/07\/contact-or-tradingbot.png","datePublished":"2023-02-09T13:38:31+00:00","dateModified":"2025-09-01T16:28:47+00:00","breadcrumb":{"@id":"https:\/\/www.trading-bot.fr\/contact\/#breadcrumb"},"inLanguage":"en-US","potentialAction":[{"@type":"ReadAction","target":["https:\/\/www.trading-bot.fr\/contact\/"]}]},{"@type":"ImageObject","inLanguage":"en-US","@id":"https:\/\/www.trading-bot.fr\/contact\/#primaryimage","url":"https:\/\/www.trading-bot.fr\/wp-content\/uploads\/2024\/07\/contact-or-tradingbot.png","contentUrl":"https:\/\/www.trading-bot.fr\/wp-content\/uploads\/2024\/07\/contact-or-tradingbot.png"},{"@type":"BreadcrumbList","@id":"https:\/\/www.trading-bot.fr\/contact\/#breadcrumb","itemListElement":[{"@type":"ListItem","position":1,"name":"Accueil","item":"https:\/\/www.trading-bot.fr\/"},{"@type":"ListItem","position":2,"name":"Nous contacter"}]},{"@type":"WebSite","@id":"https:\/\/www.trading-bot.fr\/#website","url":"https:\/\/www.trading-bot.fr\/","name":"-Trading Bot -","description":"Quelles cryptomonnaies choisir ? Comment automatiser son trading ?  Apprendre le robot trading crypto et le trading automatis\u00e9","potentialAction":[{"@type":"SearchAction","target":{"@type":"EntryPoint","urlTemplate":"https:\/\/www.trading-bot.fr\/?s={search_term_string}"},"query-input":{"@type":"PropertyValueSpecification","valueRequired":true,"valueName":"search_term_string"}}],"inLanguage":"en-US"}]}},"_links":{"self":[{"href":"https:\/\/www.trading-bot.fr\/en\/wp-json\/wp\/v2\/pages\/2572","targetHints":{"allow":["GET"]}}],"collection":[{"href":"https:\/\/www.trading-bot.fr\/en\/wp-json\/wp\/v2\/pages"}],"about":[{"href":"https:\/\/www.trading-bot.fr\/en\/wp-json\/wp\/v2\/types\/page"}],"author":[{"embeddable":true,"href":"https:\/\/www.trading-bot.fr\/en\/wp-json\/wp\/v2\/users\/1"}],"replies":[{"embeddable":true,"href":"https:\/\/www.trading-bot.fr\/en\/wp-json\/wp\/v2\/comments?post=2572"}],"version-history":[{"count":55,"href":"https:\/\/www.trading-bot.fr\/en\/wp-json\/wp\/v2\/pages\/2572\/revisions"}],"predecessor-version":[{"id":9262,"href":"https:\/\/www.trading-bot.fr\/en\/wp-json\/wp\/v2\/pages\/2572\/revisions\/9262"}],"wp:attachment":[{"href":"https:\/\/www.trading-bot.fr\/en\/wp-json\/wp\/v2\/media?parent=2572"}],"curies":[{"name":"wp","href":"https:\/\/api.w.org\/{rel}","templated":true}]}}