{"id":8800,"date":"2025-06-10T10:56:48","date_gmt":"2025-06-10T08:56:48","guid":{"rendered":"https:\/\/www.trading-bot.fr\/?page_id=8800"},"modified":"2026-01-07T04:55:03","modified_gmt":"2026-01-07T03:55:03","slug":"creer-modifier-mon-instance-de-trading-dans-le-cloud-1","status":"publish","type":"page","link":"https:\/\/www.trading-bot.fr\/en\/creer-modifier-mon-instance-de-trading-dans-le-cloud-1\/","title":{"rendered":"Create \/ Modify my cloud trading instance (1)"},"content":{"rendered":"<div data-elementor-type=\"wp-page\" data-elementor-id=\"8800\" class=\"elementor elementor-8800\" data-elementor-post-type=\"page\">\n\t\t\t\t<div class=\"elementor-element elementor-element-0b9f6d1 e-flex e-con-boxed e-con e-parent\" data-id=\"0b9f6d1\" data-element_type=\"container\">\n\t\t\t\t\t<div class=\"e-con-inner\">\n\t\t\t\t<div class=\"elementor-element elementor-element-8259db2 elementor-widget elementor-widget-image\" data-id=\"8259db2\" data-element_type=\"widget\" data-widget_type=\"image.default\">\n\t\t\t\t<div class=\"elementor-widget-container\">\n\t\t\t\t\t\t\t\t\t\t\t\t\t\t\t<img fetchpriority=\"high\" decoding=\"async\" width=\"640\" height=\"427\" src=\"https:\/\/www.trading-bot.fr\/wp-content\/uploads\/2025\/07\/cloud-1024x683.png\" class=\"attachment-large size-large wp-image-9216\" alt=\"\" srcset=\"https:\/\/www.trading-bot.fr\/wp-content\/uploads\/2025\/07\/cloud-1024x683.png 1024w, https:\/\/www.trading-bot.fr\/wp-content\/uploads\/2025\/07\/cloud-300x200.png 300w, https:\/\/www.trading-bot.fr\/wp-content\/uploads\/2025\/07\/cloud-768x512.png 768w, https:\/\/www.trading-bot.fr\/wp-content\/uploads\/2025\/07\/cloud-18x12.png 18w, https:\/\/www.trading-bot.fr\/wp-content\/uploads\/2025\/07\/cloud.png 1120w\" sizes=\"(max-width: 640px) 100vw, 640px\" \/>\t\t\t\t\t\t\t\t\t\t\t\t\t\t\t<\/div>\n\t\t\t\t<\/div>\n\t\t\t\t<div class=\"elementor-element elementor-element-d768f80 elementor-widget elementor-widget-heading\" data-id=\"d768f80\" data-element_type=\"widget\" data-widget_type=\"heading.default\">\n\t\t\t\t<div class=\"elementor-widget-container\">\n\t\t\t\t\t<h1 class=\"elementor-heading-title elementor-size-default\">Create or modify a trading instance in the cloud<\/h1>\t\t\t\t<\/div>\n\t\t\t\t<\/div>\n\t\t\t\t\t<\/div>\n\t\t\t\t<\/div>\n\t\t<div class=\"elementor-element elementor-element-23887ad e-flex e-con-boxed e-con e-parent\" data-id=\"23887ad\" data-element_type=\"container\">\n\t\t\t\t\t<div class=\"e-con-inner\">\n\t\t\t\t<div class=\"elementor-element elementor-element-9038009 elementor-widget elementor-widget-heading\" data-id=\"9038009\" data-element_type=\"widget\" data-widget_type=\"heading.default\">\n\t\t\t\t<div class=\"elementor-widget-container\">\n\t\t\t\t\t<h3 class=\"elementor-heading-title elementor-size-default\">And automate your strategy directly from TradingView<\/h3>\t\t\t\t<\/div>\n\t\t\t\t<\/div>\n\t\t\t\t\t<\/div>\n\t\t\t\t<\/div>\n\t\t<div class=\"elementor-element elementor-element-01e8b46 e-flex e-con-boxed e-con e-parent\" data-id=\"01e8b46\" data-element_type=\"container\">\n\t\t\t\t\t<div class=\"e-con-inner\">\n\t\t\t\t<div class=\"elementor-element elementor-element-6a8e4f0 elementor-align-center elementor-widget elementor-widget-button\" data-id=\"6a8e4f0\" data-element_type=\"widget\" data-widget_type=\"button.default\">\n\t\t\t\t<div class=\"elementor-widget-container\">\n\t\t\t\t\t\t\t\t\t<div class=\"elementor-button-wrapper\">\n\t\t\t\t\t<a class=\"elementor-button elementor-button-link elementor-size-sm\" href=\"https:\/\/www.trading-bot.fr\/creation-modification-dune-instance-de-trading-pour-bitget\/\">\n\t\t\t\t\t\t<span class=\"elementor-button-content-wrapper\">\n\t\t\t\t\t\t\t\t\t<span class=\"elementor-button-text\">Create \/ Modify an instance for BITGET (FUTURE USDT-M)<\/span>\n\t\t\t\t\t<\/span>\n\t\t\t\t\t<\/a>\n\t\t\t\t<\/div>\n\t\t\t\t\t\t\t\t<\/div>\n\t\t\t\t<\/div>\n\t\t\t\t<div class=\"elementor-element elementor-element-c70744e elementor-widget elementor-widget-heading\" data-id=\"c70744e\" data-element_type=\"widget\" data-widget_type=\"heading.default\">\n\t\t\t\t<div class=\"elementor-widget-container\">\n\t\t\t\t\t<h2 class=\"elementor-heading-title elementor-size-default\">Important \/ To be read :<\/h2>\t\t\t\t<\/div>\n\t\t\t\t<\/div>\n\t\t\t\t<div class=\"elementor-element elementor-element-543b8ef elementor-widget elementor-widget-text-editor\" data-id=\"543b8ef\" data-element_type=\"widget\" data-widget_type=\"text-editor.default\">\n\t\t\t\t<div class=\"elementor-widget-container\">\n\t\t\t\t\t\t\t\t\t<p>We offer you one or more free cloud instances (amazon) that allow you to link your TradingView strategies directly to your BitGet account.<\/p><p>Now, set up the strategy, create an alert on TradingView and the strategy automatically places orders, directly on your trading account!<br \/><br \/>Please note that instances are a gift and their use is not included in your subscription. We do not provide any legal or technical follow-up once instances have been created. Once in place, they can be used without any time or usage limit, but we do not guarantee their use, their utilization or any necessary updates. If you want to automate strategies on other exchanges, you can use an external solution such as <a href=\"https:\/\/www.trading-bot.fr\/bonus-reduction-pour-vos-inscriptions-aux-services-externes\/\">WunderTrading<\/a> (less convenient and more expensive).\u00a0<\/p><p>Once your instance has been created, you have your own personal webhook and\u00a0<strong>every Tradingview alert using it becomes a trading bot<\/strong> and will automatically place orders on your exchange (BitGet) as follows\u00a0<strong>all strategy parameters in effect at the time the alert is created <\/strong>(Crypto, TimeFrame, Amount and type of amount, leverage, stoploss, etc.)<\/p><ul><li>The instance only acts as an intermediary: it is the strategy on TradingView that manages when to enter or exit a position (including stop-loss).<\/li><li>Exchanges available: Bitget (FUTURES USDT-M) (centralized exchange). If you wish to use other brokers, you will need an external intermediary such as <a href=\"https:\/\/www.trading-bot.fr\/bonus-reduction-pour-vos-inscriptions-aux-services-externes\/\">WunderTrading<\/a> (which also supports PaperTrading)<\/li><li>A single instance manages <b>all your alerts for a single trading account<\/b>\u00a0(one instance per API)<\/li><li>The technical solution you choose is robust, can receive as many simultaneous signals as you need, and you have your own instance that is independent of other user accounts. Your instance is installed on Amazon servers in Europe to guarantee complete availability and reliability.\u00a0<\/li><li>(Optional) You can receive Telegram messages when one of your bots enters or exits a position (See : <a href=\"https:\/\/www.trading-bot.fr\/comment-recevoir-les-notifications-de-vos-trades-sur-telegram\/\">Get my Telegram credentials<\/a>)<\/li><li>Each position entry sets your account in isolated margin and applies the leverage present in the strategy settings.<\/li><li>To delete a bot, simply delete the corresponding alert <b>by checking that there are no open positions left on your exchange.<\/b><\/li><li>You can use the strategy in Classic mode (LONG ONLY and SHORT ONLY) and in Swing-Trading mode.\u00a0<strong> Don't use the \"Both\" mode to program your bots<\/strong> (risk of conflict)<\/li><li>To delete an instance, simply send us an e-mail with the e-mail address used for registration.<\/li><li><strong>Use Bitget Swap (.p) data on TradingView for trading on Bitget<\/strong>.<\/li><li>Instances are opened within 12 to 48 hours. Once created, they will run until you request their deletion or until your subscription expires.<\/li><li><strong>Once your instance has been created,<\/strong> <b>you'll receive an e-mail with your personal WEBHOOK and a MESSAGE to paste into all your TradingView alerts.<\/b>\u00a0<\/li><\/ul><div>\u00a0<\/div><div>You can request the creation or modification of one or more instances.<br \/>Access to the creation form is only possible if you are logged in to the site and your subscription is active.<\/div>\t\t\t\t\t\t\t\t<\/div>\n\t\t\t\t<\/div>\n\t\t\t\t\t<\/div>\n\t\t\t\t<\/div>\n\t\t<div class=\"elementor-element elementor-element-41ff6ea e-flex e-con-boxed e-con e-parent\" data-id=\"41ff6ea\" data-element_type=\"container\">\n\t\t\t\t\t<div class=\"e-con-inner\">\n\t\t\t\t\t<\/div>\n\t\t\t\t<\/div>\n\t\t\t\t<\/div>","protected":false},"excerpt":{"rendered":"<p>Create or modify a trading instance in the cloud And automate strategy directly from TradingView Create \/ Modify an instance for BITGET (FUTURES...<\/p>","protected":false},"author":1,"featured_media":0,"parent":0,"menu_order":0,"comment_status":"closed","ping_status":"closed","template":"","meta":{"pmpro_default_level":"","footnotes":""},"class_list":["post-8800","page","type-page","status-publish","hentry","pmpro-has-access"],"yoast_head":"<!-- This site is optimized with the Yoast SEO plugin v27.4 - https:\/\/yoast.com\/product\/yoast-seo-wordpress\/ -->\n<title>Cr\u00e9er \/ Modifier mon instance de trading dans le cloud (1) -Trading Bot -<\/title>\n<meta name=\"robots\" content=\"index, follow, max-snippet:-1, max-image-preview:large, max-video-preview:-1\" \/>\n<link rel=\"canonical\" href=\"https:\/\/www.trading-bot.fr\/en\/creer-modifier-mon-instance-de-trading-dans-le-cloud-1\/\" \/>\n<meta property=\"og:locale\" content=\"en_US\" \/>\n<meta property=\"og:type\" content=\"article\" \/>\n<meta property=\"og:title\" content=\"Cr\u00e9er \/ Modifier mon instance de trading dans le cloud (1) -Trading Bot -\" \/>\n<meta property=\"og:description\" content=\"Cr\u00e9er ou modifier une instance de trading dans le cloud Et automatisez la strat\u00e9gie directement depuis TradingView Cr\u00e9er \/ Modifier une instance pour BITGET (FUTURES...\" \/>\n<meta property=\"og:url\" content=\"https:\/\/www.trading-bot.fr\/en\/creer-modifier-mon-instance-de-trading-dans-le-cloud-1\/\" \/>\n<meta property=\"og:site_name\" content=\"-Trading Bot -\" \/>\n<meta property=\"article:modified_time\" content=\"2026-01-07T03:55:03+00:00\" \/>\n<meta property=\"og:image\" content=\"https:\/\/www.trading-bot.fr\/wp-content\/uploads\/2025\/07\/cloud.png\" \/>\n\t<meta property=\"og:image:width\" content=\"1120\" \/>\n\t<meta property=\"og:image:height\" content=\"747\" \/>\n\t<meta property=\"og:image:type\" content=\"image\/png\" \/>\n<meta name=\"twitter:card\" content=\"summary_large_image\" \/>\n<meta name=\"twitter:label1\" content=\"Est. reading time\" \/>\n\t<meta name=\"twitter:data1\" content=\"3 minutes\" \/>\n<script type=\"application\/ld+json\" class=\"yoast-schema-graph\">{\"@context\":\"https:\\\/\\\/schema.org\",\"@graph\":[{\"@type\":\"WebPage\",\"@id\":\"https:\\\/\\\/www.trading-bot.fr\\\/creer-modifier-mon-instance-de-trading-dans-le-cloud-1\\\/\",\"url\":\"https:\\\/\\\/www.trading-bot.fr\\\/creer-modifier-mon-instance-de-trading-dans-le-cloud-1\\\/\",\"name\":\"Cr\u00e9er \\\/ Modifier mon instance de trading dans le cloud (1) -Trading Bot -\",\"isPartOf\":{\"@id\":\"https:\\\/\\\/www.trading-bot.fr\\\/#website\"},\"primaryImageOfPage\":{\"@id\":\"https:\\\/\\\/www.trading-bot.fr\\\/creer-modifier-mon-instance-de-trading-dans-le-cloud-1\\\/#primaryimage\"},\"image\":{\"@id\":\"https:\\\/\\\/www.trading-bot.fr\\\/creer-modifier-mon-instance-de-trading-dans-le-cloud-1\\\/#primaryimage\"},\"thumbnailUrl\":\"https:\\\/\\\/www.trading-bot.fr\\\/wp-content\\\/uploads\\\/2025\\\/07\\\/cloud-1024x683.png\",\"datePublished\":\"2025-06-10T08:56:48+00:00\",\"dateModified\":\"2026-01-07T03:55:03+00:00\",\"breadcrumb\":{\"@id\":\"https:\\\/\\\/www.trading-bot.fr\\\/creer-modifier-mon-instance-de-trading-dans-le-cloud-1\\\/#breadcrumb\"},\"inLanguage\":\"en-US\",\"potentialAction\":[{\"@type\":\"ReadAction\",\"target\":[\"https:\\\/\\\/www.trading-bot.fr\\\/creer-modifier-mon-instance-de-trading-dans-le-cloud-1\\\/\"]}]},{\"@type\":\"ImageObject\",\"inLanguage\":\"en-US\",\"@id\":\"https:\\\/\\\/www.trading-bot.fr\\\/creer-modifier-mon-instance-de-trading-dans-le-cloud-1\\\/#primaryimage\",\"url\":\"https:\\\/\\\/www.trading-bot.fr\\\/wp-content\\\/uploads\\\/2025\\\/07\\\/cloud-1024x683.png\",\"contentUrl\":\"https:\\\/\\\/www.trading-bot.fr\\\/wp-content\\\/uploads\\\/2025\\\/07\\\/cloud-1024x683.png\"},{\"@type\":\"BreadcrumbList\",\"@id\":\"https:\\\/\\\/www.trading-bot.fr\\\/creer-modifier-mon-instance-de-trading-dans-le-cloud-1\\\/#breadcrumb\",\"itemListElement\":[{\"@type\":\"ListItem\",\"position\":1,\"name\":\"Accueil\",\"item\":\"https:\\\/\\\/www.trading-bot.fr\\\/\"},{\"@type\":\"ListItem\",\"position\":2,\"name\":\"Cr\u00e9er \\\/ Modifier mon instance de trading dans le cloud (1)\"}]},{\"@type\":\"WebSite\",\"@id\":\"https:\\\/\\\/www.trading-bot.fr\\\/#website\",\"url\":\"https:\\\/\\\/www.trading-bot.fr\\\/\",\"name\":\"-Trading Bot -\",\"description\":\"Quelles cryptomonnaies choisir ? Comment automatiser son trading ?  Apprendre le robot trading crypto et le trading automatis\u00e9\",\"potentialAction\":[{\"@type\":\"SearchAction\",\"target\":{\"@type\":\"EntryPoint\",\"urlTemplate\":\"https:\\\/\\\/www.trading-bot.fr\\\/?s={search_term_string}\"},\"query-input\":{\"@type\":\"PropertyValueSpecification\",\"valueRequired\":true,\"valueName\":\"search_term_string\"}}],\"inLanguage\":\"en-US\"}]}<\/script>\n<!-- \/ Yoast SEO plugin. -->","yoast_head_json":{"title":"Cr\u00e9er \/ Modifier mon instance de trading dans le cloud (1) -Trading Bot -","robots":{"index":"index","follow":"follow","max-snippet":"max-snippet:-1","max-image-preview":"max-image-preview:large","max-video-preview":"max-video-preview:-1"},"canonical":"https:\/\/www.trading-bot.fr\/en\/creer-modifier-mon-instance-de-trading-dans-le-cloud-1\/","og_locale":"en_US","og_type":"article","og_title":"Cr\u00e9er \/ Modifier mon instance de trading dans le cloud (1) -Trading Bot -","og_description":"Cr\u00e9er ou modifier une instance de trading dans le cloud Et automatisez la strat\u00e9gie directement depuis TradingView Cr\u00e9er \/ Modifier une instance pour BITGET (FUTURES...","og_url":"https:\/\/www.trading-bot.fr\/en\/creer-modifier-mon-instance-de-trading-dans-le-cloud-1\/","og_site_name":"-Trading Bot -","article_modified_time":"2026-01-07T03:55:03+00:00","og_image":[{"width":1120,"height":747,"url":"https:\/\/www.trading-bot.fr\/wp-content\/uploads\/2025\/07\/cloud.png","type":"image\/png"}],"twitter_card":"summary_large_image","twitter_misc":{"Est. reading time":"3 minutes"},"schema":{"@context":"https:\/\/schema.org","@graph":[{"@type":"WebPage","@id":"https:\/\/www.trading-bot.fr\/creer-modifier-mon-instance-de-trading-dans-le-cloud-1\/","url":"https:\/\/www.trading-bot.fr\/creer-modifier-mon-instance-de-trading-dans-le-cloud-1\/","name":"Cr\u00e9er \/ Modifier mon instance de trading dans le cloud (1) -Trading Bot -","isPartOf":{"@id":"https:\/\/www.trading-bot.fr\/#website"},"primaryImageOfPage":{"@id":"https:\/\/www.trading-bot.fr\/creer-modifier-mon-instance-de-trading-dans-le-cloud-1\/#primaryimage"},"image":{"@id":"https:\/\/www.trading-bot.fr\/creer-modifier-mon-instance-de-trading-dans-le-cloud-1\/#primaryimage"},"thumbnailUrl":"https:\/\/www.trading-bot.fr\/wp-content\/uploads\/2025\/07\/cloud-1024x683.png","datePublished":"2025-06-10T08:56:48+00:00","dateModified":"2026-01-07T03:55:03+00:00","breadcrumb":{"@id":"https:\/\/www.trading-bot.fr\/creer-modifier-mon-instance-de-trading-dans-le-cloud-1\/#breadcrumb"},"inLanguage":"en-US","potentialAction":[{"@type":"ReadAction","target":["https:\/\/www.trading-bot.fr\/creer-modifier-mon-instance-de-trading-dans-le-cloud-1\/"]}]},{"@type":"ImageObject","inLanguage":"en-US","@id":"https:\/\/www.trading-bot.fr\/creer-modifier-mon-instance-de-trading-dans-le-cloud-1\/#primaryimage","url":"https:\/\/www.trading-bot.fr\/wp-content\/uploads\/2025\/07\/cloud-1024x683.png","contentUrl":"https:\/\/www.trading-bot.fr\/wp-content\/uploads\/2025\/07\/cloud-1024x683.png"},{"@type":"BreadcrumbList","@id":"https:\/\/www.trading-bot.fr\/creer-modifier-mon-instance-de-trading-dans-le-cloud-1\/#breadcrumb","itemListElement":[{"@type":"ListItem","position":1,"name":"Accueil","item":"https:\/\/www.trading-bot.fr\/"},{"@type":"ListItem","position":2,"name":"Cr\u00e9er \/ Modifier mon instance de trading dans le cloud (1)"}]},{"@type":"WebSite","@id":"https:\/\/www.trading-bot.fr\/#website","url":"https:\/\/www.trading-bot.fr\/","name":"-Trading Bot -","description":"Quelles cryptomonnaies choisir ? Comment automatiser son trading ?  Apprendre le robot trading crypto et le trading automatis\u00e9","potentialAction":[{"@type":"SearchAction","target":{"@type":"EntryPoint","urlTemplate":"https:\/\/www.trading-bot.fr\/?s={search_term_string}"},"query-input":{"@type":"PropertyValueSpecification","valueRequired":true,"valueName":"search_term_string"}}],"inLanguage":"en-US"}]}},"_links":{"self":[{"href":"https:\/\/www.trading-bot.fr\/en\/wp-json\/wp\/v2\/pages\/8800","targetHints":{"allow":["GET"]}}],"collection":[{"href":"https:\/\/www.trading-bot.fr\/en\/wp-json\/wp\/v2\/pages"}],"about":[{"href":"https:\/\/www.trading-bot.fr\/en\/wp-json\/wp\/v2\/types\/page"}],"author":[{"embeddable":true,"href":"https:\/\/www.trading-bot.fr\/en\/wp-json\/wp\/v2\/users\/1"}],"replies":[{"embeddable":true,"href":"https:\/\/www.trading-bot.fr\/en\/wp-json\/wp\/v2\/comments?post=8800"}],"version-history":[{"count":58,"href":"https:\/\/www.trading-bot.fr\/en\/wp-json\/wp\/v2\/pages\/8800\/revisions"}],"predecessor-version":[{"id":9428,"href":"https:\/\/www.trading-bot.fr\/en\/wp-json\/wp\/v2\/pages\/8800\/revisions\/9428"}],"wp:attachment":[{"href":"https:\/\/www.trading-bot.fr\/en\/wp-json\/wp\/v2\/media?parent=8800"}],"curies":[{"name":"wp","href":"https:\/\/api.w.org\/{rel}","templated":true}]}}