{"id":8887,"date":"2025-06-11T19:00:00","date_gmt":"2025-06-11T17:00:00","guid":{"rendered":"https:\/\/www.trading-bot.fr\/?page_id=8887"},"modified":"2025-06-12T17:42:26","modified_gmt":"2025-06-12T15:42:26","slug":"comment-recevoir-les-notifications-de-vos-trades-sur-telegram","status":"publish","type":"page","link":"https:\/\/www.trading-bot.fr\/en\/comment-recevoir-les-notifications-de-vos-trades-sur-telegram\/","title":{"rendered":"How to receive trade notifications on Telegram"},"content":{"rendered":"<div data-elementor-type=\"wp-page\" data-elementor-id=\"8887\" class=\"elementor elementor-8887\" data-elementor-post-type=\"page\">\n\t\t\t\t<div class=\"elementor-element elementor-element-31808a4 e-flex e-con-boxed e-con e-parent\" data-id=\"31808a4\" data-element_type=\"container\">\n\t\t\t\t\t<div class=\"e-con-inner\">\n\t\t\t\t<div class=\"elementor-element elementor-element-6cfb6cb elementor-widget elementor-widget-image\" data-id=\"6cfb6cb\" data-element_type=\"widget\" data-widget_type=\"image.default\">\n\t\t\t\t<div class=\"elementor-widget-container\">\n\t\t\t\t\t\t\t\t\t\t\t\t\t\t\t<img fetchpriority=\"high\" decoding=\"async\" width=\"500\" height=\"500\" src=\"https:\/\/www.trading-bot.fr\/wp-content\/uploads\/2025\/06\/Telegram_logo.svg.png\" class=\"attachment-large size-large wp-image-8889\" alt=\"\" srcset=\"https:\/\/www.trading-bot.fr\/wp-content\/uploads\/2025\/06\/Telegram_logo.svg.png 500w, https:\/\/www.trading-bot.fr\/wp-content\/uploads\/2025\/06\/Telegram_logo.svg-300x300.png 300w, https:\/\/www.trading-bot.fr\/wp-content\/uploads\/2025\/06\/Telegram_logo.svg-150x150.png 150w, https:\/\/www.trading-bot.fr\/wp-content\/uploads\/2025\/06\/Telegram_logo.svg-12x12.png 12w\" sizes=\"(max-width: 500px) 100vw, 500px\" \/>\t\t\t\t\t\t\t\t\t\t\t\t\t\t\t<\/div>\n\t\t\t\t<\/div>\n\t\t\t\t<div class=\"elementor-element elementor-element-666e6df elementor-widget elementor-widget-heading\" data-id=\"666e6df\" data-element_type=\"widget\" data-widget_type=\"heading.default\">\n\t\t\t\t<div class=\"elementor-widget-container\">\n\t\t\t\t\t<h1 class=\"elementor-heading-title elementor-size-default\">How can I receive notifications of your trades on Telegram?<\/h1>\t\t\t\t<\/div>\n\t\t\t\t<\/div>\n\t\t\t\t\t<\/div>\n\t\t\t\t<\/div>\n\t\t<div class=\"elementor-element elementor-element-1035452 e-flex e-con-boxed e-con e-parent\" data-id=\"1035452\" data-element_type=\"container\">\n\t\t\t\t\t<div class=\"e-con-inner\">\n\t\t\t\t<div class=\"elementor-element elementor-element-c61b889 elementor-widget elementor-widget-text-editor\" data-id=\"c61b889\" data-element_type=\"widget\" data-widget_type=\"text-editor.default\">\n\t\t\t\t<div class=\"elementor-widget-container\">\n\t\t\t\t\t\t\t\t\t<p>Receive real-time notifications of your trades on your phone via Telegram. Simply install the application, follow the steps outlined here to retrieve your personal ID and a bot API that you'll create, and you'll be able to receive all notifications from your trading instance in real time.\u00a0<\/p><p>The aim of this tutorial is to enable you to recover <b>your personal ID <\/b>Telegram and a <b>bot API\/Http<\/b>\u00a0that you will create. You'll need to provide this information when you request the creation of an instance for your trading to be linked to it. We recommend that you carry out all these steps before requesting the creation of an instance, to ensure that everything is set up correctly from the outset.<\/p><p><strong>We will :<\/strong><br \/>- Install Telegram if you haven't already done so<br \/>- Recover your personal ID<br \/>- Create an API bot and retrieve your API, then start a chat with the bot.<\/p>\t\t\t\t\t\t\t\t<\/div>\n\t\t\t\t<\/div>\n\t\t\t\t\t<\/div>\n\t\t\t\t<\/div>\n\t\t<div class=\"elementor-element elementor-element-fdfaa83 e-flex e-con-boxed e-con e-parent\" data-id=\"fdfaa83\" data-element_type=\"container\">\n\t\t\t\t\t<div class=\"e-con-inner\">\n\t\t\t\t<div class=\"elementor-element elementor-element-06c9fd6 elementor-widget elementor-widget-text-editor\" data-id=\"06c9fd6\" data-element_type=\"widget\" data-widget_type=\"text-editor.default\">\n\t\t\t\t<div class=\"elementor-widget-container\">\n\t\t\t\t\t\t\t\t\t<div class=\"container\"><h2>1\ufe0f\u20e3 Create a Telegram account<\/h2><h3>On your mobile<\/h3><ol><li>Download Telegram on Android or iPhone.<\/li><li>Open the application and click on <strong>Start messaging<\/strong>.<\/li><li>Enter your phone number, then the verification code received by SMS.<\/li><li>Set up your profile with a first name, a nickname and a photo.<\/li><\/ol><h3>On computer<\/h3><ol><li>Go to <a href=\"https:\/\/web.telegram.org\" target=\"_blank\" rel=\"noopener\">web.telegram.org<\/a>.<\/li><li>Enter your number and the verification code to log in.<\/li><\/ol><h2>2\ufe0f\u20e3 Recover your Telegram ID via @userinfobot<\/h2><ol><li>Search <strong>@userinfobot<\/strong> in Telegram.<\/li><li>Click on <strong>Start<\/strong>.<\/li><li>You will receive a message containing your Telegram ID:<\/li><\/ol><pre>Your Telegram ID is: <strong>123456789<\/strong><\/pre><h2>3\ufe0f\u20e3 Create a bot with @BotFather<\/h2><ol><li>Search <strong>@BotFather<\/strong> in Telegram and start a conversation.<\/li><li>Send order <code>\/newbot<\/code>.<\/li><li>Choose a name for your bot (e.g. : <em>MyBotDeTrading<\/em>).<\/li><li>Choose a unique user name (e.g. : <em>TraderXYZ_bot<\/em>).<\/li><li>You will get an HTTP API token as shown below:<\/li><\/ol><pre>123456789:ABCDefGhIjKlmNopQRstuVWxyZ<\/pre><h2>4\ufe0f\u20e3 Start a conversation with your bot<\/h2><ol><li>Search for your bot's username (e.g. : <em>@TraderXYZ_bot<\/em>).<\/li><li>Click on it, then on <strong>Start<\/strong>.<\/li><li>You can now send him messages.<\/li><\/ol><h2>\u2705 Summary<\/h2><ul><li>Create an account \u2192 Download Telegram + SMS<\/li><li>Telegram ID \u2192 @userinfobot<\/li><li>Create a bot \u2192 @BotFather + \/newbot<\/li><li>Token API \u2192 provided by BotFather<\/li><li>Start your bot \u2192 Search + click on Start<\/li><\/ul><\/div>\t\t\t\t\t\t\t\t<\/div>\n\t\t\t\t<\/div>\n\t\t\t\t\t<\/div>\n\t\t\t\t<\/div>\n\t\t\t\t<\/div>","protected":false},"excerpt":{"rendered":"<p>How to receive trade notifications on Telegram? Receive real-time trade notifications on your phone via Telegram. It...<\/p>","protected":false},"author":1,"featured_media":0,"parent":0,"menu_order":0,"comment_status":"closed","ping_status":"closed","template":"","meta":{"pmpro_default_level":"","footnotes":""},"class_list":["post-8887","page","type-page","status-publish","hentry","pmpro-has-access"],"yoast_head":"<!-- This site is optimized with the Yoast SEO plugin v27.4 - https:\/\/yoast.com\/product\/yoast-seo-wordpress\/ -->\n<title>Comment recevoir les notifications de vos trades sur Telegram -Trading Bot -<\/title>\n<meta name=\"robots\" content=\"index, follow, max-snippet:-1, max-image-preview:large, max-video-preview:-1\" \/>\n<link rel=\"canonical\" href=\"https:\/\/www.trading-bot.fr\/en\/comment-recevoir-les-notifications-de-vos-trades-sur-telegram\/\" \/>\n<meta property=\"og:locale\" content=\"en_US\" \/>\n<meta property=\"og:type\" content=\"article\" \/>\n<meta property=\"og:title\" content=\"Comment recevoir les notifications de vos trades sur Telegram -Trading Bot -\" \/>\n<meta property=\"og:description\" content=\"Comment recevoir les notifications de vos trades sur Telegram ? Recevez les notifications de vos trades en temps r\u00e9el sur votre t\u00e9l\u00e9phone via Telegram. Il...\" \/>\n<meta property=\"og:url\" content=\"https:\/\/www.trading-bot.fr\/en\/comment-recevoir-les-notifications-de-vos-trades-sur-telegram\/\" \/>\n<meta property=\"og:site_name\" content=\"-Trading Bot -\" \/>\n<meta property=\"article:modified_time\" content=\"2025-06-12T15:42:26+00:00\" \/>\n<meta property=\"og:image\" content=\"https:\/\/www.trading-bot.fr\/wp-content\/uploads\/2025\/06\/Telegram_logo.svg.png\" \/>\n\t<meta property=\"og:image:width\" content=\"500\" \/>\n\t<meta property=\"og:image:height\" content=\"500\" \/>\n\t<meta property=\"og:image:type\" content=\"image\/png\" \/>\n<meta name=\"twitter:card\" content=\"summary_large_image\" \/>\n<meta name=\"twitter:label1\" content=\"Est. reading time\" \/>\n\t<meta name=\"twitter:data1\" content=\"1 minute\" \/>\n<script type=\"application\/ld+json\" class=\"yoast-schema-graph\">{\"@context\":\"https:\\\/\\\/schema.org\",\"@graph\":[{\"@type\":\"WebPage\",\"@id\":\"https:\\\/\\\/www.trading-bot.fr\\\/comment-recevoir-les-notifications-de-vos-trades-sur-telegram\\\/\",\"url\":\"https:\\\/\\\/www.trading-bot.fr\\\/comment-recevoir-les-notifications-de-vos-trades-sur-telegram\\\/\",\"name\":\"Comment recevoir les notifications de vos trades sur Telegram -Trading Bot -\",\"isPartOf\":{\"@id\":\"https:\\\/\\\/www.trading-bot.fr\\\/#website\"},\"primaryImageOfPage\":{\"@id\":\"https:\\\/\\\/www.trading-bot.fr\\\/comment-recevoir-les-notifications-de-vos-trades-sur-telegram\\\/#primaryimage\"},\"image\":{\"@id\":\"https:\\\/\\\/www.trading-bot.fr\\\/comment-recevoir-les-notifications-de-vos-trades-sur-telegram\\\/#primaryimage\"},\"thumbnailUrl\":\"https:\\\/\\\/www.trading-bot.fr\\\/wp-content\\\/uploads\\\/2025\\\/06\\\/Telegram_logo.svg.png\",\"datePublished\":\"2025-06-11T17:00:00+00:00\",\"dateModified\":\"2025-06-12T15:42:26+00:00\",\"breadcrumb\":{\"@id\":\"https:\\\/\\\/www.trading-bot.fr\\\/comment-recevoir-les-notifications-de-vos-trades-sur-telegram\\\/#breadcrumb\"},\"inLanguage\":\"en-US\",\"potentialAction\":[{\"@type\":\"ReadAction\",\"target\":[\"https:\\\/\\\/www.trading-bot.fr\\\/comment-recevoir-les-notifications-de-vos-trades-sur-telegram\\\/\"]}]},{\"@type\":\"ImageObject\",\"inLanguage\":\"en-US\",\"@id\":\"https:\\\/\\\/www.trading-bot.fr\\\/comment-recevoir-les-notifications-de-vos-trades-sur-telegram\\\/#primaryimage\",\"url\":\"https:\\\/\\\/www.trading-bot.fr\\\/wp-content\\\/uploads\\\/2025\\\/06\\\/Telegram_logo.svg.png\",\"contentUrl\":\"https:\\\/\\\/www.trading-bot.fr\\\/wp-content\\\/uploads\\\/2025\\\/06\\\/Telegram_logo.svg.png\"},{\"@type\":\"BreadcrumbList\",\"@id\":\"https:\\\/\\\/www.trading-bot.fr\\\/comment-recevoir-les-notifications-de-vos-trades-sur-telegram\\\/#breadcrumb\",\"itemListElement\":[{\"@type\":\"ListItem\",\"position\":1,\"name\":\"Accueil\",\"item\":\"https:\\\/\\\/www.trading-bot.fr\\\/\"},{\"@type\":\"ListItem\",\"position\":2,\"name\":\"Comment recevoir les notifications de vos trades sur Telegram\"}]},{\"@type\":\"WebSite\",\"@id\":\"https:\\\/\\\/www.trading-bot.fr\\\/#website\",\"url\":\"https:\\\/\\\/www.trading-bot.fr\\\/\",\"name\":\"-Trading Bot -\",\"description\":\"Quelles cryptomonnaies choisir ? Comment automatiser son trading ?  Apprendre le robot trading crypto et le trading automatis\u00e9\",\"potentialAction\":[{\"@type\":\"SearchAction\",\"target\":{\"@type\":\"EntryPoint\",\"urlTemplate\":\"https:\\\/\\\/www.trading-bot.fr\\\/?s={search_term_string}\"},\"query-input\":{\"@type\":\"PropertyValueSpecification\",\"valueRequired\":true,\"valueName\":\"search_term_string\"}}],\"inLanguage\":\"en-US\"}]}<\/script>\n<!-- \/ Yoast SEO plugin. -->","yoast_head_json":{"title":"Comment recevoir les notifications de vos trades sur Telegram -Trading Bot -","robots":{"index":"index","follow":"follow","max-snippet":"max-snippet:-1","max-image-preview":"max-image-preview:large","max-video-preview":"max-video-preview:-1"},"canonical":"https:\/\/www.trading-bot.fr\/en\/comment-recevoir-les-notifications-de-vos-trades-sur-telegram\/","og_locale":"en_US","og_type":"article","og_title":"Comment recevoir les notifications de vos trades sur Telegram -Trading Bot -","og_description":"Comment recevoir les notifications de vos trades sur Telegram ? Recevez les notifications de vos trades en temps r\u00e9el sur votre t\u00e9l\u00e9phone via Telegram. Il...","og_url":"https:\/\/www.trading-bot.fr\/en\/comment-recevoir-les-notifications-de-vos-trades-sur-telegram\/","og_site_name":"-Trading Bot -","article_modified_time":"2025-06-12T15:42:26+00:00","og_image":[{"width":500,"height":500,"url":"https:\/\/www.trading-bot.fr\/wp-content\/uploads\/2025\/06\/Telegram_logo.svg.png","type":"image\/png"}],"twitter_card":"summary_large_image","twitter_misc":{"Est. reading time":"1 minute"},"schema":{"@context":"https:\/\/schema.org","@graph":[{"@type":"WebPage","@id":"https:\/\/www.trading-bot.fr\/comment-recevoir-les-notifications-de-vos-trades-sur-telegram\/","url":"https:\/\/www.trading-bot.fr\/comment-recevoir-les-notifications-de-vos-trades-sur-telegram\/","name":"Comment recevoir les notifications de vos trades sur Telegram -Trading Bot -","isPartOf":{"@id":"https:\/\/www.trading-bot.fr\/#website"},"primaryImageOfPage":{"@id":"https:\/\/www.trading-bot.fr\/comment-recevoir-les-notifications-de-vos-trades-sur-telegram\/#primaryimage"},"image":{"@id":"https:\/\/www.trading-bot.fr\/comment-recevoir-les-notifications-de-vos-trades-sur-telegram\/#primaryimage"},"thumbnailUrl":"https:\/\/www.trading-bot.fr\/wp-content\/uploads\/2025\/06\/Telegram_logo.svg.png","datePublished":"2025-06-11T17:00:00+00:00","dateModified":"2025-06-12T15:42:26+00:00","breadcrumb":{"@id":"https:\/\/www.trading-bot.fr\/comment-recevoir-les-notifications-de-vos-trades-sur-telegram\/#breadcrumb"},"inLanguage":"en-US","potentialAction":[{"@type":"ReadAction","target":["https:\/\/www.trading-bot.fr\/comment-recevoir-les-notifications-de-vos-trades-sur-telegram\/"]}]},{"@type":"ImageObject","inLanguage":"en-US","@id":"https:\/\/www.trading-bot.fr\/comment-recevoir-les-notifications-de-vos-trades-sur-telegram\/#primaryimage","url":"https:\/\/www.trading-bot.fr\/wp-content\/uploads\/2025\/06\/Telegram_logo.svg.png","contentUrl":"https:\/\/www.trading-bot.fr\/wp-content\/uploads\/2025\/06\/Telegram_logo.svg.png"},{"@type":"BreadcrumbList","@id":"https:\/\/www.trading-bot.fr\/comment-recevoir-les-notifications-de-vos-trades-sur-telegram\/#breadcrumb","itemListElement":[{"@type":"ListItem","position":1,"name":"Accueil","item":"https:\/\/www.trading-bot.fr\/"},{"@type":"ListItem","position":2,"name":"Comment recevoir les notifications de vos trades sur Telegram"}]},{"@type":"WebSite","@id":"https:\/\/www.trading-bot.fr\/#website","url":"https:\/\/www.trading-bot.fr\/","name":"-Trading Bot -","description":"Quelles cryptomonnaies choisir ? Comment automatiser son trading ?  Apprendre le robot trading crypto et le trading automatis\u00e9","potentialAction":[{"@type":"SearchAction","target":{"@type":"EntryPoint","urlTemplate":"https:\/\/www.trading-bot.fr\/?s={search_term_string}"},"query-input":{"@type":"PropertyValueSpecification","valueRequired":true,"valueName":"search_term_string"}}],"inLanguage":"en-US"}]}},"_links":{"self":[{"href":"https:\/\/www.trading-bot.fr\/en\/wp-json\/wp\/v2\/pages\/8887","targetHints":{"allow":["GET"]}}],"collection":[{"href":"https:\/\/www.trading-bot.fr\/en\/wp-json\/wp\/v2\/pages"}],"about":[{"href":"https:\/\/www.trading-bot.fr\/en\/wp-json\/wp\/v2\/types\/page"}],"author":[{"embeddable":true,"href":"https:\/\/www.trading-bot.fr\/en\/wp-json\/wp\/v2\/users\/1"}],"replies":[{"embeddable":true,"href":"https:\/\/www.trading-bot.fr\/en\/wp-json\/wp\/v2\/comments?post=8887"}],"version-history":[{"count":7,"href":"https:\/\/www.trading-bot.fr\/en\/wp-json\/wp\/v2\/pages\/8887\/revisions"}],"predecessor-version":[{"id":8897,"href":"https:\/\/www.trading-bot.fr\/en\/wp-json\/wp\/v2\/pages\/8887\/revisions\/8897"}],"wp:attachment":[{"href":"https:\/\/www.trading-bot.fr\/en\/wp-json\/wp\/v2\/media?parent=8887"}],"curies":[{"name":"wp","href":"https:\/\/api.w.org\/{rel}","templated":true}]}}