{"id":2562,"date":"2023-02-09T10:36:26","date_gmt":"2023-02-09T10:36:26","guid":{"rendered":"https:\/\/edupress.thimpress.com\/?page_id=2562"},"modified":"2026-02-09T13:10:05","modified_gmt":"2026-02-09T12:10:05","slug":"faqs","status":"publish","type":"page","link":"https:\/\/www.trading-bot.fr\/es\/faqs\/","title":{"rendered":"Sus preguntas (FAQ)"},"content":{"rendered":"<div data-elementor-type=\"wp-page\" data-elementor-id=\"2562\" class=\"elementor elementor-2562\" data-elementor-post-type=\"page\">\n\t\t\t\t\t\t<section class=\"elementor-section elementor-top-section elementor-element elementor-element-8c3db38 elementor-section-height-min-height elementor-section-boxed elementor-section-height-default elementor-section-items-middle\" data-id=\"8c3db38\" data-element_type=\"section\" data-settings=\"{&quot;background_background&quot;:&quot;classic&quot;}\">\n\t\t\t\t\t\t<div class=\"elementor-container elementor-column-gap-custom\">\n\t\t\t\t\t<div class=\"elementor-column elementor-col-100 elementor-top-column elementor-element elementor-element-e30ed58\" data-id=\"e30ed58\" data-element_type=\"column\">\n\t\t\t<div class=\"elementor-widget-wrap\">\n\t\t\t\t\t\t\t<\/div>\n\t\t<\/div>\n\t\t\t\t\t<\/div>\n\t\t<\/section>\n\t\t\t\t<section class=\"elementor-section elementor-top-section elementor-element elementor-element-20f8e52d elementor-section-stretched elementor-section-boxed elementor-section-height-default elementor-section-height-default\" data-id=\"20f8e52d\" data-element_type=\"section\" data-settings=\"{&quot;stretch_section&quot;:&quot;section-stretched&quot;,&quot;background_background&quot;:&quot;classic&quot;}\">\n\t\t\t\t\t\t<div class=\"elementor-container elementor-column-gap-no\">\n\t\t\t\t\t<div class=\"elementor-column elementor-col-100 elementor-top-column elementor-element elementor-element-69352801\" data-id=\"69352801\" data-element_type=\"column\">\n\t\t\t<div class=\"elementor-widget-wrap elementor-element-populated\">\n\t\t\t\t\t\t<div class=\"elementor-element elementor-element-69192ec elementor-widget elementor-widget-image\" data-id=\"69192ec\" data-element_type=\"widget\" data-widget_type=\"image.default\">\n\t\t\t\t<div class=\"elementor-widget-container\">\n\t\t\t\t\t\t\t\t\t\t\t\t\t\t\t<img decoding=\"async\" width=\"150\" height=\"120\" src=\"https:\/\/www.trading-bot.fr\/wp-content\/uploads\/2024\/07\/robot-or.petit_.png\" class=\"attachment-thumbnail size-thumbnail wp-image-5992\" alt=\"\" \/>\t\t\t\t\t\t\t\t\t\t\t\t\t\t\t<\/div>\n\t\t\t\t<\/div>\n\t\t\t\t<div class=\"elementor-element elementor-element-77fe90f elementor-widget elementor-widget-thim-ekits-page-title\" data-id=\"77fe90f\" data-element_type=\"widget\" data-widget_type=\"thim-ekits-page-title.default\">\n\t\t\t\t<div class=\"elementor-widget-container\">\n\t\t\t\t\t\t\t<div class=\"thim-ekit-page-title\">\n\t\t<h1 class=\"page-title\">Archivos<\/h1>\t\t<\/div>\n\t\t\t\t\t\t<\/div>\n\t\t\t\t<\/div>\n\t\t\t\t<div class=\"elementor-element elementor-element-7af19ec elementor-widget elementor-widget-text-editor\" data-id=\"7af19ec\" data-element_type=\"widget\" data-widget_type=\"text-editor.default\">\n\t\t\t\t<div class=\"elementor-widget-container\">\n\t\t\t\t\t\t\t\t\t<p style=\"text-align: center;\">\u00bfTiene alguna pregunta? Puede que ya tengamos las respuestas.<\/p><p style=\"text-align: center;\">Si no es as\u00ed, preg\u00fantenos todas sus dudas a trav\u00e9s del <a href=\"https:\/\/www.trading-bot.fr\/contact\/\">p\u00e1gina de contacto<\/a> de la<\/p>\t\t\t\t\t\t\t\t<\/div>\n\t\t\t\t<\/div>\n\t\t\t\t<div class=\"elementor-element elementor-element-0c83cef elementor-widget elementor-widget-thim-ekits-accordion\" data-id=\"0c83cef\" data-element_type=\"widget\" data-widget_type=\"thim-ekits-accordion.default\">\n\t\t\t\t<div class=\"elementor-widget-container\">\n\t\t\t\t\t\n\t\t<div id=\"thim-accordions-0c83cef\" class=\"thim-ekit-tablist\">\n\t\t\t<div class=\"thim-accordion-sections\" role=\"tablist\">\n\t\t\t\t\n\t\t\t\t\t<div class=\"accordion-section\">\n\t\t\t\t\t\t<div class=\"accordion-title\" aria-selected=\"true\" role=\"tab\" tabindex=\"0\" aria-controls=\"item-acc-0c83cef-1\">\n\t\t\t\t\t\t\t\u00bfPor qu\u00e9 un mes gratis de prueba?\t\t\t\t\t\t\t\t<span class=\"accordion-icon\">\n\t\t\t\t\t\t\t\t\t<span\n\t\t\t\t\t\t\t\t\t\tclass=\"accordion-icon-closed\"><i class=\"fas fa-plus\"><\/i><\/span>\n\t\t\t\t\t\t\t\t\t<span\n\t\t\t\t\t\t\t\t\t\tclass=\"accordion-icon-opened\"><i class=\"fas fa-minus\"><\/i><\/span>\n\t\t\t\t\t\t\t\t<\/span>\n\t\t\t\t\t\t\t\t\t\t\t\t\t<\/div>\n\n\t\t\t\t\t\t<div class=\"accordion-content\" id=\"item-acc-0c83cef-1\"\n\t\t\t\t\t\t\t role=\"tabpanel\"\n\t\t\t\t\t\t\t aria-labelledby=\"item-acc-0c83cef-1\"\n\t\t\t\t\t\t\t tabindex=\"0\" >\n\t\t\t\t\t\t\t<p>Nuestro objetivo es ofrecerle el m\u00e1ximo valor por su inversi\u00f3n.  Al igual que estamos seguros de que le merecer\u00e1 la pena, tambi\u00e9n estamos seguros de que estar\u00e1 encantado de comprometerse con nosotros a lo largo del tiempo.\u00a0<\/p><p>Recupere la configuraci\u00f3n ofrecida diariamente en el canal de Telegram y compruebe usted mismo el rendimiento de nuestra estrategia, y configure sus primeras operaciones automatizadas utilizando sus instancias de trading.<\/p><p>Pru\u00e9belo y le encantar\u00e1.<\/p><p>La noci\u00f3n de ingresos pasivos nunca ha sido tan cierta.<\/p><p>Nota: Un nuevo registro para el mismo login TradingView ser\u00e1 rechazado, incluso para una cuenta\/email diferente.<\/p>\t\t\t\t\t\t<\/div>\n\t\t\t\t\t<\/div>\n\n\t\t\t\t\n\t\t\t\t\t<div class=\"accordion-section\">\n\t\t\t\t\t\t<div class=\"accordion-title\" aria-selected=\"false\" role=\"tab\" tabindex=\"-1\" aria-controls=\"item-acc-0c83cef-2\">\n\t\t\t\t\t\t\t\u00bfSon realmente rentables estas estrategias?\t\t\t\t\t\t\t\t<span class=\"accordion-icon\">\n\t\t\t\t\t\t\t\t\t<span\n\t\t\t\t\t\t\t\t\t\tclass=\"accordion-icon-closed\"><i class=\"fas fa-plus\"><\/i><\/span>\n\t\t\t\t\t\t\t\t\t<span\n\t\t\t\t\t\t\t\t\t\tclass=\"accordion-icon-opened\"><i class=\"fas fa-minus\"><\/i><\/span>\n\t\t\t\t\t\t\t\t<\/span>\n\t\t\t\t\t\t\t\t\t\t\t\t\t<\/div>\n\n\t\t\t\t\t\t<div class=\"accordion-content\" id=\"item-acc-0c83cef-2\"\n\t\t\t\t\t\t\t role=\"tabpanel\"\n\t\t\t\t\t\t\t aria-labelledby=\"item-acc-0c83cef-2\"\n\t\t\t\t\t\t\t tabindex=\"-1\" hidden>\n\t\t\t\t\t\t\t<p>S\u00ed, todo el contenido de la presentaci\u00f3n en esta p\u00e1gina y mostrado en el v\u00eddeo de presentaci\u00f3n se ha elaborado sin modificaciones ni trucos utilizando datos reales de simulaci\u00f3n de capital.<\/p><p>Nuestras estrategias son el resultado de tres a\u00f1os de an\u00e1lisis y desarrollo y funcionan muy bien en la mayor\u00eda de las criptomonedas.\u00a0<\/p><p>Si gestiona correctamente sus niveles de inversi\u00f3n y riesgo, tal y como se ense\u00f1a en el curso, obtendr\u00e1 resultados positivos en sus operaciones... \u00a1Y de forma autom\u00e1tica!<\/p>\t\t\t\t\t\t<\/div>\n\t\t\t\t\t<\/div>\n\n\t\t\t\t\n\t\t\t\t\t<div class=\"accordion-section\">\n\t\t\t\t\t\t<div class=\"accordion-title\" aria-selected=\"false\" role=\"tab\" tabindex=\"-1\" aria-controls=\"item-acc-0c83cef-3\">\n\t\t\t\t\t\t\t\u00bfC\u00f3mo funciona la estrategia?\t\t\t\t\t\t\t\t<span class=\"accordion-icon\">\n\t\t\t\t\t\t\t\t\t<span\n\t\t\t\t\t\t\t\t\t\tclass=\"accordion-icon-closed\"><i class=\"fas fa-plus\"><\/i><\/span>\n\t\t\t\t\t\t\t\t\t<span\n\t\t\t\t\t\t\t\t\t\tclass=\"accordion-icon-opened\"><i class=\"fas fa-minus\"><\/i><\/span>\n\t\t\t\t\t\t\t\t<\/span>\n\t\t\t\t\t\t\t\t\t\t\t\t\t<\/div>\n\n\t\t\t\t\t\t<div class=\"accordion-content\" id=\"item-acc-0c83cef-3\"\n\t\t\t\t\t\t\t role=\"tabpanel\"\n\t\t\t\t\t\t\t aria-labelledby=\"item-acc-0c83cef-3\"\n\t\t\t\t\t\t\t tabindex=\"-1\" hidden>\n\t\t\t\t\t\t\t<p>Cada estrategia tiene sus propios principios, que se explican en la p\u00e1gina Tutorial del sitio.<\/p><p>Puede probar las estrategias durante 1 mes de forma gratuita antes de querer aprovechar toda la potencia y los comentarios de la negociaci\u00f3n automatizada profesional e invertir a largo plazo con una suscripci\u00f3n.<\/p>\t\t\t\t\t\t<\/div>\n\t\t\t\t\t<\/div>\n\n\t\t\t\t\n\t\t\t\t\t<div class=\"accordion-section\">\n\t\t\t\t\t\t<div class=\"accordion-title\" aria-selected=\"false\" role=\"tab\" tabindex=\"-1\" aria-controls=\"item-acc-0c83cef-4\">\n\t\t\t\t\t\t\t\u00bfC\u00f3mo funciona la automatizaci\u00f3n?\t\t\t\t\t\t\t\t<span class=\"accordion-icon\">\n\t\t\t\t\t\t\t\t\t<span\n\t\t\t\t\t\t\t\t\t\tclass=\"accordion-icon-closed\"><i class=\"fas fa-plus\"><\/i><\/span>\n\t\t\t\t\t\t\t\t\t<span\n\t\t\t\t\t\t\t\t\t\tclass=\"accordion-icon-opened\"><i class=\"fas fa-minus\"><\/i><\/span>\n\t\t\t\t\t\t\t\t<\/span>\n\t\t\t\t\t\t\t\t\t\t\t\t\t<\/div>\n\n\t\t\t\t\t\t<div class=\"accordion-content\" id=\"item-acc-0c83cef-4\"\n\t\t\t\t\t\t\t role=\"tabpanel\"\n\t\t\t\t\t\t\t aria-labelledby=\"item-acc-0c83cef-4\"\n\t\t\t\t\t\t\t tabindex=\"-1\" hidden>\n\t\t\t\t\t\t\t<p>Nuestras estrategias se crean de forma nativa para que puedan automatizarse directamente desde TradingView.<br \/><br \/>Puede automatizar la estrategia Hyperliquid sin coste adicional (y por un m\u00f3dico precio en muchas otras bolsas) a trav\u00e9s del sitio (externo) de WunderTrading.<br \/><br \/>Al registrarse a trav\u00e9s de nuestro enlace, se beneficiar\u00e1 de todas estas ventajas, as\u00ed como de descuentos en las opciones de pago por uso que desee contratar adicionalmente.<\/p><p>Encontrar\u00e1 todas las instrucciones en la p\u00e1gina \"Automatizaci\u00f3n\" de nuestro sitio.\u00a0<\/p>\t\t\t\t\t\t<\/div>\n\t\t\t\t\t<\/div>\n\n\t\t\t\t\n\t\t\t\t\t<div class=\"accordion-section\">\n\t\t\t\t\t\t<div class=\"accordion-title\" aria-selected=\"false\" role=\"tab\" tabindex=\"-1\" aria-controls=\"item-acc-0c83cef-5\">\n\t\t\t\t\t\t\t\u00bfNecesito experiencia previa en negociaci\u00f3n para hacer este curso?\t\t\t\t\t\t\t\t<span class=\"accordion-icon\">\n\t\t\t\t\t\t\t\t\t<span\n\t\t\t\t\t\t\t\t\t\tclass=\"accordion-icon-closed\"><i class=\"fas fa-plus\"><\/i><\/span>\n\t\t\t\t\t\t\t\t\t<span\n\t\t\t\t\t\t\t\t\t\tclass=\"accordion-icon-opened\"><i class=\"fas fa-minus\"><\/i><\/span>\n\t\t\t\t\t\t\t\t<\/span>\n\t\t\t\t\t\t\t\t\t\t\t\t\t<\/div>\n\n\t\t\t\t\t\t<div class=\"accordion-content\" id=\"item-acc-0c83cef-5\"\n\t\t\t\t\t\t\t role=\"tabpanel\"\n\t\t\t\t\t\t\t aria-labelledby=\"item-acc-0c83cef-5\"\n\t\t\t\t\t\t\t tabindex=\"-1\" hidden>\n\t\t\t\t\t\t\t<p>No, gracias a la simplicidad de nuestro sistema de automatizaci\u00f3n, backtesting diario para sugerir ajustes, el trading nunca ser\u00e1 tan f\u00e1cil, sea cual sea su nivel de experiencia. Tanto si es principiante como si ya tiene algunos conocimientos de trading, este programa le proporcionar\u00e1 las herramientas y habilidades que necesita para automatizar completamente sus operaciones con criptomonedas, utilizar y aplicar las estrategias de TopBot Anomaly... \u00a1Para su mayor beneficio!<\/p><p>Sin embargo, le aconsejamos que empiece con una cuenta peque\u00f1a (m\u00ednimo 50 - 200 euros para sentirse m\u00e1s c\u00f3modo a la hora de elegir el tama\u00f1o de sus posiciones) hasta que domine el sistema y valide sus habilidades en la configuraci\u00f3n y gesti\u00f3n del riesgo.<\/p>\t\t\t\t\t\t<\/div>\n\t\t\t\t\t<\/div>\n\n\t\t\t\t\n\t\t\t\t\t<div class=\"accordion-section\">\n\t\t\t\t\t\t<div class=\"accordion-title\" aria-selected=\"false\" role=\"tab\" tabindex=\"-1\" aria-controls=\"item-acc-0c83cef-6\">\n\t\t\t\t\t\t\t\u00bfQu\u00e9 ocurre si encuentro dificultades durante la instalaci\u00f3n?\t\t\t\t\t\t\t\t<span class=\"accordion-icon\">\n\t\t\t\t\t\t\t\t\t<span\n\t\t\t\t\t\t\t\t\t\tclass=\"accordion-icon-closed\"><i class=\"fas fa-plus\"><\/i><\/span>\n\t\t\t\t\t\t\t\t\t<span\n\t\t\t\t\t\t\t\t\t\tclass=\"accordion-icon-opened\"><i class=\"fas fa-minus\"><\/i><\/span>\n\t\t\t\t\t\t\t\t<\/span>\n\t\t\t\t\t\t\t\t\t\t\t\t\t<\/div>\n\n\t\t\t\t\t\t<div class=\"accordion-content\" id=\"item-acc-0c83cef-6\"\n\t\t\t\t\t\t\t role=\"tabpanel\"\n\t\t\t\t\t\t\t aria-labelledby=\"item-acc-0c83cef-6\"\n\t\t\t\t\t\t\t tabindex=\"-1\" hidden>\n\t\t\t\t\t\t\t<p>Nuestro equipo de asistencia est\u00e1 a su disposici\u00f3n para responder a todas sus preguntas y ayudarle a superar las dificultades que pueda encontrar durante la implantaci\u00f3n. No dude en ponerse en contacto con nosotros si necesita ayuda, respondemos r\u00e1pidamente y siempre de forma personalizada.\u00a0<\/p>\t\t\t\t\t\t<\/div>\n\t\t\t\t\t<\/div>\n\n\t\t\t\t\n\t\t\t\t\t<div class=\"accordion-section\">\n\t\t\t\t\t\t<div class=\"accordion-title\" aria-selected=\"false\" role=\"tab\" tabindex=\"-1\" aria-controls=\"item-acc-0c83cef-7\">\n\t\t\t\t\t\t\t\u00bfC\u00f3mo se efect\u00faa el pago?\t\t\t\t\t\t\t\t<span class=\"accordion-icon\">\n\t\t\t\t\t\t\t\t\t<span\n\t\t\t\t\t\t\t\t\t\tclass=\"accordion-icon-closed\"><i class=\"fas fa-plus\"><\/i><\/span>\n\t\t\t\t\t\t\t\t\t<span\n\t\t\t\t\t\t\t\t\t\tclass=\"accordion-icon-opened\"><i class=\"fas fa-minus\"><\/i><\/span>\n\t\t\t\t\t\t\t\t<\/span>\n\t\t\t\t\t\t\t\t\t\t\t\t\t<\/div>\n\n\t\t\t\t\t\t<div class=\"accordion-content\" id=\"item-acc-0c83cef-7\"\n\t\t\t\t\t\t\t role=\"tabpanel\"\n\t\t\t\t\t\t\t aria-labelledby=\"item-acc-0c83cef-7\"\n\t\t\t\t\t\t\t tabindex=\"-1\" hidden>\n\t\t\t\t\t\t\t<p>El pago de la versi\u00f3n Pro se realiza por suscripci\u00f3n a trav\u00e9s de Stripe. La transacci\u00f3n bancaria se realiza directamente en su sitio en Checkout, en un entorno totalmente seguro.<\/p>\t\t\t\t\t\t<\/div>\n\t\t\t\t\t<\/div>\n\n\t\t\t\t\n\t\t\t\t\t<div class=\"accordion-section\">\n\t\t\t\t\t\t<div class=\"accordion-title\" aria-selected=\"false\" role=\"tab\" tabindex=\"-1\" aria-controls=\"item-acc-0c83cef-8\">\n\t\t\t\t\t\t\t\u00bfC\u00f3mo finaliza mi suscripci\u00f3n?\t\t\t\t\t\t\t\t<span class=\"accordion-icon\">\n\t\t\t\t\t\t\t\t\t<span\n\t\t\t\t\t\t\t\t\t\tclass=\"accordion-icon-closed\"><i class=\"fas fa-plus\"><\/i><\/span>\n\t\t\t\t\t\t\t\t\t<span\n\t\t\t\t\t\t\t\t\t\tclass=\"accordion-icon-opened\"><i class=\"fas fa-minus\"><\/i><\/span>\n\t\t\t\t\t\t\t\t<\/span>\n\t\t\t\t\t\t\t\t\t\t\t\t\t<\/div>\n\n\t\t\t\t\t\t<div class=\"accordion-content\" id=\"item-acc-0c83cef-8\"\n\t\t\t\t\t\t\t role=\"tabpanel\"\n\t\t\t\t\t\t\t aria-labelledby=\"item-acc-0c83cef-8\"\n\t\t\t\t\t\t\t tabindex=\"-1\" hidden>\n\t\t\t\t\t\t\t<p>Puede cancelar su suscripci\u00f3n en cualquier momento desde la secci\u00f3n \"Mi espacio\".\u00a0<\/p><p>Una vez que haya decidido renovar su suscripci\u00f3n, su acceso a la estrategia y a la formaci\u00f3n permanecer\u00e1 abierto hasta la fecha de caducidad, momento en el que se cerrar\u00e1. No podr\u00eda ser m\u00e1s sencillo, y si tiene alg\u00fan problema, puede ponerse en contacto con nuestro equipo para obtener ayuda.\u00a0<\/p>\t\t\t\t\t\t<\/div>\n\t\t\t\t\t<\/div>\n\n\t\t\t\t\t\t\t<\/div>\n\t\t\t\t\t<\/div>\n\t\t\t\t\t<\/div>\n\t\t\t\t<\/div>\n\t\t\t\t\t<\/div>\n\t\t<\/div>\n\t\t\t\t\t<\/div>\n\t\t<\/section>\n\t\t\t\t<\/div>","protected":false},"excerpt":{"rendered":"<p>Archivos \u00bfTiene alguna pregunta? Puede que ya tengamos las respuestas. Si no es as\u00ed, h\u00e1ganos todas sus preguntas a trav\u00e9s del...<\/p>","protected":false},"author":1,"featured_media":0,"parent":0,"menu_order":0,"comment_status":"closed","ping_status":"closed","template":"elementor_header_footer","meta":{"pmpro_default_level":"","footnotes":""},"class_list":["post-2562","page","type-page","status-publish","hentry","pmpro-has-access"],"yoast_head":"<!-- This site is optimized with the Yoast SEO plugin v27.4 - https:\/\/yoast.com\/product\/yoast-seo-wordpress\/ -->\n<title>Vos questions (FAQ) -Trading Bot -<\/title>\n<meta name=\"robots\" content=\"index, follow, max-snippet:-1, max-image-preview:large, max-video-preview:-1\" \/>\n<link rel=\"canonical\" href=\"https:\/\/www.trading-bot.fr\/es\/faqs\/\" \/>\n<meta property=\"og:locale\" content=\"es_ES\" \/>\n<meta property=\"og:type\" content=\"article\" \/>\n<meta property=\"og:title\" content=\"Vos questions (FAQ) -Trading Bot -\" \/>\n<meta property=\"og:description\" content=\"Archives Vous avez des questions ? Nous avons peut-\u00eatre d\u00e9j\u00e0 des r\u00e9ponses ! Si ce n&rsquo;est pas le cas, posez-nous toutes vos questions via la...\" \/>\n<meta property=\"og:url\" content=\"https:\/\/www.trading-bot.fr\/es\/faqs\/\" \/>\n<meta property=\"og:site_name\" content=\"-Trading Bot -\" \/>\n<meta property=\"article:modified_time\" content=\"2026-02-09T12:10:05+00:00\" \/>\n<meta property=\"og:image\" content=\"https:\/\/www.trading-bot.fr\/wp-content\/uploads\/2024\/07\/robot-or.petit_.png\" \/>\n\t<meta property=\"og:image:width\" content=\"150\" \/>\n\t<meta property=\"og:image:height\" content=\"120\" \/>\n\t<meta property=\"og:image:type\" content=\"image\/png\" \/>\n<meta name=\"twitter:card\" content=\"summary_large_image\" \/>\n<meta name=\"twitter:label1\" content=\"Tiempo de lectura\" \/>\n\t<meta name=\"twitter:data1\" content=\"4 minutos\" \/>\n<script type=\"application\/ld+json\" class=\"yoast-schema-graph\">{\"@context\":\"https:\\\/\\\/schema.org\",\"@graph\":[{\"@type\":\"WebPage\",\"@id\":\"https:\\\/\\\/www.trading-bot.fr\\\/faqs\\\/\",\"url\":\"https:\\\/\\\/www.trading-bot.fr\\\/faqs\\\/\",\"name\":\"Vos questions (FAQ) -Trading Bot -\",\"isPartOf\":{\"@id\":\"https:\\\/\\\/www.trading-bot.fr\\\/#website\"},\"primaryImageOfPage\":{\"@id\":\"https:\\\/\\\/www.trading-bot.fr\\\/faqs\\\/#primaryimage\"},\"image\":{\"@id\":\"https:\\\/\\\/www.trading-bot.fr\\\/faqs\\\/#primaryimage\"},\"thumbnailUrl\":\"https:\\\/\\\/www.trading-bot.fr\\\/wp-content\\\/uploads\\\/2024\\\/07\\\/robot-or.petit_.png\",\"datePublished\":\"2023-02-09T10:36:26+00:00\",\"dateModified\":\"2026-02-09T12:10:05+00:00\",\"breadcrumb\":{\"@id\":\"https:\\\/\\\/www.trading-bot.fr\\\/faqs\\\/#breadcrumb\"},\"inLanguage\":\"es\",\"potentialAction\":[{\"@type\":\"ReadAction\",\"target\":[\"https:\\\/\\\/www.trading-bot.fr\\\/faqs\\\/\"]}]},{\"@type\":\"ImageObject\",\"inLanguage\":\"es\",\"@id\":\"https:\\\/\\\/www.trading-bot.fr\\\/faqs\\\/#primaryimage\",\"url\":\"https:\\\/\\\/www.trading-bot.fr\\\/wp-content\\\/uploads\\\/2024\\\/07\\\/robot-or.petit_.png\",\"contentUrl\":\"https:\\\/\\\/www.trading-bot.fr\\\/wp-content\\\/uploads\\\/2024\\\/07\\\/robot-or.petit_.png\"},{\"@type\":\"BreadcrumbList\",\"@id\":\"https:\\\/\\\/www.trading-bot.fr\\\/faqs\\\/#breadcrumb\",\"itemListElement\":[{\"@type\":\"ListItem\",\"position\":1,\"name\":\"Accueil\",\"item\":\"https:\\\/\\\/www.trading-bot.fr\\\/\"},{\"@type\":\"ListItem\",\"position\":2,\"name\":\"Vos questions (FAQ)\"}]},{\"@type\":\"WebSite\",\"@id\":\"https:\\\/\\\/www.trading-bot.fr\\\/#website\",\"url\":\"https:\\\/\\\/www.trading-bot.fr\\\/\",\"name\":\"-Trading Bot -\",\"description\":\"Quelles cryptomonnaies choisir ? Comment automatiser son trading ?  Apprendre le robot trading crypto et le trading automatis\u00e9\",\"potentialAction\":[{\"@type\":\"SearchAction\",\"target\":{\"@type\":\"EntryPoint\",\"urlTemplate\":\"https:\\\/\\\/www.trading-bot.fr\\\/?s={search_term_string}\"},\"query-input\":{\"@type\":\"PropertyValueSpecification\",\"valueRequired\":true,\"valueName\":\"search_term_string\"}}],\"inLanguage\":\"es\"}]}<\/script>\n<!-- \/ Yoast SEO plugin. -->","yoast_head_json":{"title":"Vos questions (FAQ) -Trading Bot -","robots":{"index":"index","follow":"follow","max-snippet":"max-snippet:-1","max-image-preview":"max-image-preview:large","max-video-preview":"max-video-preview:-1"},"canonical":"https:\/\/www.trading-bot.fr\/es\/faqs\/","og_locale":"es_ES","og_type":"article","og_title":"Vos questions (FAQ) -Trading Bot -","og_description":"Archives Vous avez des questions ? Nous avons peut-\u00eatre d\u00e9j\u00e0 des r\u00e9ponses ! Si ce n&rsquo;est pas le cas, posez-nous toutes vos questions via la...","og_url":"https:\/\/www.trading-bot.fr\/es\/faqs\/","og_site_name":"-Trading Bot -","article_modified_time":"2026-02-09T12:10:05+00:00","og_image":[{"width":150,"height":120,"url":"https:\/\/www.trading-bot.fr\/wp-content\/uploads\/2024\/07\/robot-or.petit_.png","type":"image\/png"}],"twitter_card":"summary_large_image","twitter_misc":{"Tiempo de lectura":"4 minutos"},"schema":{"@context":"https:\/\/schema.org","@graph":[{"@type":"WebPage","@id":"https:\/\/www.trading-bot.fr\/faqs\/","url":"https:\/\/www.trading-bot.fr\/faqs\/","name":"Vos questions (FAQ) -Trading Bot -","isPartOf":{"@id":"https:\/\/www.trading-bot.fr\/#website"},"primaryImageOfPage":{"@id":"https:\/\/www.trading-bot.fr\/faqs\/#primaryimage"},"image":{"@id":"https:\/\/www.trading-bot.fr\/faqs\/#primaryimage"},"thumbnailUrl":"https:\/\/www.trading-bot.fr\/wp-content\/uploads\/2024\/07\/robot-or.petit_.png","datePublished":"2023-02-09T10:36:26+00:00","dateModified":"2026-02-09T12:10:05+00:00","breadcrumb":{"@id":"https:\/\/www.trading-bot.fr\/faqs\/#breadcrumb"},"inLanguage":"es","potentialAction":[{"@type":"ReadAction","target":["https:\/\/www.trading-bot.fr\/faqs\/"]}]},{"@type":"ImageObject","inLanguage":"es","@id":"https:\/\/www.trading-bot.fr\/faqs\/#primaryimage","url":"https:\/\/www.trading-bot.fr\/wp-content\/uploads\/2024\/07\/robot-or.petit_.png","contentUrl":"https:\/\/www.trading-bot.fr\/wp-content\/uploads\/2024\/07\/robot-or.petit_.png"},{"@type":"BreadcrumbList","@id":"https:\/\/www.trading-bot.fr\/faqs\/#breadcrumb","itemListElement":[{"@type":"ListItem","position":1,"name":"Accueil","item":"https:\/\/www.trading-bot.fr\/"},{"@type":"ListItem","position":2,"name":"Vos questions (FAQ)"}]},{"@type":"WebSite","@id":"https:\/\/www.trading-bot.fr\/#website","url":"https:\/\/www.trading-bot.fr\/","name":"-Trading Bot -","description":"Quelles cryptomonnaies choisir ? Comment automatiser son trading ?  Apprendre le robot trading crypto et le trading automatis\u00e9","potentialAction":[{"@type":"SearchAction","target":{"@type":"EntryPoint","urlTemplate":"https:\/\/www.trading-bot.fr\/?s={search_term_string}"},"query-input":{"@type":"PropertyValueSpecification","valueRequired":true,"valueName":"search_term_string"}}],"inLanguage":"es"}]}},"_links":{"self":[{"href":"https:\/\/www.trading-bot.fr\/es\/wp-json\/wp\/v2\/pages\/2562","targetHints":{"allow":["GET"]}}],"collection":[{"href":"https:\/\/www.trading-bot.fr\/es\/wp-json\/wp\/v2\/pages"}],"about":[{"href":"https:\/\/www.trading-bot.fr\/es\/wp-json\/wp\/v2\/types\/page"}],"author":[{"embeddable":true,"href":"https:\/\/www.trading-bot.fr\/es\/wp-json\/wp\/v2\/users\/1"}],"replies":[{"embeddable":true,"href":"https:\/\/www.trading-bot.fr\/es\/wp-json\/wp\/v2\/comments?post=2562"}],"version-history":[{"count":34,"href":"https:\/\/www.trading-bot.fr\/es\/wp-json\/wp\/v2\/pages\/2562\/revisions"}],"predecessor-version":[{"id":9645,"href":"https:\/\/www.trading-bot.fr\/es\/wp-json\/wp\/v2\/pages\/2562\/revisions\/9645"}],"wp:attachment":[{"href":"https:\/\/www.trading-bot.fr\/es\/wp-json\/wp\/v2\/media?parent=2562"}],"curies":[{"name":"wp","href":"https:\/\/api.w.org\/{rel}","templated":true}]}}