{"id":3,"date":"2024-04-05T14:19:23","date_gmt":"2024-04-05T12:19:23","guid":{"rendered":"https:\/\/www.trading-bot.fr\/?page_id=3"},"modified":"2024-07-07T18:39:22","modified_gmt":"2024-07-07T16:39:22","slug":"politique-de-confidentialite","status":"publish","type":"page","link":"https:\/\/www.trading-bot.fr\/es\/politique-de-confidentialite\/","title":{"rendered":"Pol\u00edtica de privacidad"},"content":{"rendered":"<h2 class=\"wp-block-heading has-text-align-center\">Pol\u00edtica de privacidad<\/h2>\n\n\n\n<p class=\"has-text-align-center\">Para el sitio web Trading-Bot.fr<\/p>\n\n\n\n<h4 class=\"wp-block-heading has-text-align-left\">Comentarios<\/h4>\n\n\n\n<p>Cuando deja un comentario en nuestro sitio, los datos introducidos en el formulario de comentarios, as\u00ed como su direcci\u00f3n IP y el agente de usuario de su navegador, se recopilan para ayudarnos a detectar comentarios no deseados.<\/p>\n\n\n\n<p>Una cadena an\u00f3nima creada a partir de su direcci\u00f3n de correo electr\u00f3nico (tambi\u00e9n conocida como hash) puede ser enviada al servicio Gravatar para comprobar si usted la est\u00e1 utilizando. Las cl\u00e1usulas de confidencialidad del servicio Gravatar est\u00e1n disponibles aqu\u00ed: https:\/\/automattic.com\/privacy\/. Una vez validado su comentario, su foto de perfil ser\u00e1 visible p\u00fablicamente junto a su comentario.<\/p>\n\n\n\n<h4 class=\"wp-block-heading has-text-align-left\">Medios de comunicaci\u00f3n<\/h4>\n\n\n\n<p>Si sube im\u00e1genes al sitio, le aconsejamos que evite subir im\u00e1genes que contengan datos EXIF de coordenadas GPS. Las personas que visiten su sitio podr\u00edan descargar y extraer datos de localizaci\u00f3n de estas im\u00e1genes.<\/p>\n\n\n\n<h4 class=\"wp-block-heading has-text-align-left\">Cookies<\/h4>\n\n\n\n<p>Si deja un comentario en nuestro sitio, se le pedir\u00e1 que guarde su nombre, direcci\u00f3n de correo electr\u00f3nico y sitio en las cookies. Esto es puramente para su comodidad, para que no tenga que introducir esta informaci\u00f3n si deja otro comentario en una fecha posterior. Estas cookies caducan al cabo de un a\u00f1o.<\/p>\n\n\n\n<p>Si accede a la p\u00e1gina de inicio de sesi\u00f3n, se crear\u00e1 una cookie temporal para determinar si su navegador acepta cookies. No contiene ning\u00fan dato personal y se borrar\u00e1 autom\u00e1ticamente cuando cierre el navegador.<\/p>\n\n\n\n<p>Cuando se conecte, instalaremos una serie de cookies para registrar su informaci\u00f3n de conexi\u00f3n y sus preferencias de pantalla. La vida \u00fatil de una cookie de conexi\u00f3n es de dos d\u00edas, la de una cookie de opci\u00f3n de pantalla es de un a\u00f1o. Si marca \"Recordarme\", la cookie de conexi\u00f3n se conservar\u00e1 durante quince d\u00edas. Si sale de su cuenta, se borrar\u00e1 la cookie de conexi\u00f3n.<\/p>\n\n\n\n<p>Al modificar o publicar una publicaci\u00f3n, se almacenar\u00e1 una cookie adicional en su navegador. Esta cookie no contiene ning\u00fan dato personal. Simplemente indica el ID de la publicaci\u00f3n que acaba de modificar. Caduca al cabo de un d\u00eda.<\/p>\n\n\n\n<h4 class=\"wp-block-heading has-text-align-left\">Contenido incrustado de otros sitios<\/h4>\n\n\n\n<p>Los art\u00edculos de este sitio pueden incluir contenido incrustado (por ejemplo, v\u00eddeos, im\u00e1genes, art\u00edculos, etc.). El contenido incrustado de otros sitios se comporta de la misma manera que si el visitante estuviera visitando ese otro sitio.<\/p>\n\n\n\n<p>Estos sitios web pueden recopilar datos sobre usted, utilizar cookies, incrustar herramientas de seguimiento de terceros y rastrear sus interacciones con este contenido incrustado si tiene una cuenta conectada a su sitio web.<\/p>\n\n\n\n<h4 class=\"wp-block-heading has-text-align-left\">Uso y transmisi\u00f3n de sus datos personales<\/h4>\n\n\n\n<p>Si solicita un restablecimiento de contrase\u00f1a, su direcci\u00f3n IP se incluir\u00e1 en el correo electr\u00f3nico de restablecimiento.<\/p>\n\n\n\n<h4 class=\"wp-block-heading has-text-align-left\">Periodos de almacenamiento de sus datos<\/h4>\n\n\n\n<p>Si deja un comentario, el comentario y sus metadatos se conservan indefinidamente. Esto permite que los comentarios posteriores se reconozcan y aprueben autom\u00e1ticamente en lugar de quedarse en la cola de moderaci\u00f3n.<\/p>\n\n\n\n<p>En el caso de las cuentas que se registran en nuestro sitio (si procede), tambi\u00e9n almacenamos los datos personales indicados en su perfil. Todas las cuentas pueden ver, modificar o eliminar su informaci\u00f3n personal en cualquier momento (a excepci\u00f3n de su ID de usuario). Los administradores del sitio tambi\u00e9n pueden ver y modificar esta informaci\u00f3n.<\/p>\n\n\n\n<h4 class=\"wp-block-heading has-text-align-left\">Los derechos que tiene sobre sus datos<\/h4>\n\n\n\n<p>Si tiene una cuenta o ha dejado comentarios en el sitio, puede solicitar que le enviemos un archivo con todos los datos personales que tenemos sobre usted, incluidos los que nos ha facilitado. Tambi\u00e9n puede solicitar la supresi\u00f3n de sus datos personales. Esto no incluye los datos almacenados con fines administrativos, legales o de seguridad.<\/p>\n\n\n\n<h4 class=\"wp-block-heading has-text-align-left\">D\u00f3nde se env\u00edan sus datos<\/h4>\n\n\n\n<p>Los comentarios de los visitantes pueden comprobarse mediante un servicio automatizado para detectar comentarios indeseables.<\/p>","protected":false},"excerpt":{"rendered":"<p>Pol\u00edtica de confidencialidad del sitio Trading-Bot.fr Comentarios Cuando deja un comentario en nuestro sitio, los datos introducidos en el formulario de comentario, as\u00ed como cualquier...<\/p>","protected":false},"author":1,"featured_media":0,"parent":0,"menu_order":0,"comment_status":"closed","ping_status":"open","template":"","meta":{"pmpro_default_level":"","footnotes":""},"class_list":["post-3","page","type-page","status-publish","hentry","pmpro-has-access"],"yoast_head":"<!-- This site is optimized with the Yoast SEO plugin v27.4 - https:\/\/yoast.com\/product\/yoast-seo-wordpress\/ -->\n<title>Politique de confidentialit\u00e9 -Trading Bot -<\/title>\n<meta name=\"robots\" content=\"index, follow, max-snippet:-1, max-image-preview:large, max-video-preview:-1\" \/>\n<link rel=\"canonical\" href=\"https:\/\/www.trading-bot.fr\/es\/politique-de-confidentialite\/\" \/>\n<meta property=\"og:locale\" content=\"es_ES\" \/>\n<meta property=\"og:type\" content=\"article\" \/>\n<meta property=\"og:title\" content=\"Politique de confidentialit\u00e9 -Trading Bot -\" \/>\n<meta property=\"og:description\" content=\"Politique de confidentialit\u00e9 Pour le site Trading-Bot.fr Commentaires Quand vous laissez un commentaire sur notre site, les donn\u00e9es inscrites dans le formulaire de commentaire, ainsi...\" \/>\n<meta property=\"og:url\" content=\"https:\/\/www.trading-bot.fr\/es\/politique-de-confidentialite\/\" \/>\n<meta property=\"og:site_name\" content=\"-Trading Bot -\" \/>\n<meta property=\"article:modified_time\" content=\"2024-07-07T16:39:22+00:00\" \/>\n<meta name=\"twitter:card\" content=\"summary_large_image\" \/>\n<meta name=\"twitter:label1\" content=\"Tiempo de lectura\" \/>\n\t<meta name=\"twitter:data1\" content=\"4 minutos\" \/>\n<script type=\"application\/ld+json\" class=\"yoast-schema-graph\">{\"@context\":\"https:\\\/\\\/schema.org\",\"@graph\":[{\"@type\":\"WebPage\",\"@id\":\"https:\\\/\\\/www.trading-bot.fr\\\/politique-de-confidentialite\\\/\",\"url\":\"https:\\\/\\\/www.trading-bot.fr\\\/politique-de-confidentialite\\\/\",\"name\":\"Politique de confidentialit\u00e9 -Trading Bot -\",\"isPartOf\":{\"@id\":\"https:\\\/\\\/www.trading-bot.fr\\\/#website\"},\"datePublished\":\"2024-04-05T12:19:23+00:00\",\"dateModified\":\"2024-07-07T16:39:22+00:00\",\"breadcrumb\":{\"@id\":\"https:\\\/\\\/www.trading-bot.fr\\\/politique-de-confidentialite\\\/#breadcrumb\"},\"inLanguage\":\"es\",\"potentialAction\":[{\"@type\":\"ReadAction\",\"target\":[\"https:\\\/\\\/www.trading-bot.fr\\\/politique-de-confidentialite\\\/\"]}]},{\"@type\":\"BreadcrumbList\",\"@id\":\"https:\\\/\\\/www.trading-bot.fr\\\/politique-de-confidentialite\\\/#breadcrumb\",\"itemListElement\":[{\"@type\":\"ListItem\",\"position\":1,\"name\":\"Accueil\",\"item\":\"https:\\\/\\\/www.trading-bot.fr\\\/\"},{\"@type\":\"ListItem\",\"position\":2,\"name\":\"Politique de confidentialit\u00e9\"}]},{\"@type\":\"WebSite\",\"@id\":\"https:\\\/\\\/www.trading-bot.fr\\\/#website\",\"url\":\"https:\\\/\\\/www.trading-bot.fr\\\/\",\"name\":\"-Trading Bot -\",\"description\":\"Quelles cryptomonnaies choisir ? Comment automatiser son trading ?  Apprendre le robot trading crypto et le trading automatis\u00e9\",\"potentialAction\":[{\"@type\":\"SearchAction\",\"target\":{\"@type\":\"EntryPoint\",\"urlTemplate\":\"https:\\\/\\\/www.trading-bot.fr\\\/?s={search_term_string}\"},\"query-input\":{\"@type\":\"PropertyValueSpecification\",\"valueRequired\":true,\"valueName\":\"search_term_string\"}}],\"inLanguage\":\"es\"}]}<\/script>\n<!-- \/ Yoast SEO plugin. -->","yoast_head_json":{"title":"Politique de confidentialit\u00e9 -Trading Bot -","robots":{"index":"index","follow":"follow","max-snippet":"max-snippet:-1","max-image-preview":"max-image-preview:large","max-video-preview":"max-video-preview:-1"},"canonical":"https:\/\/www.trading-bot.fr\/es\/politique-de-confidentialite\/","og_locale":"es_ES","og_type":"article","og_title":"Politique de confidentialit\u00e9 -Trading Bot -","og_description":"Politique de confidentialit\u00e9 Pour le site Trading-Bot.fr Commentaires Quand vous laissez un commentaire sur notre site, les donn\u00e9es inscrites dans le formulaire de commentaire, ainsi...","og_url":"https:\/\/www.trading-bot.fr\/es\/politique-de-confidentialite\/","og_site_name":"-Trading Bot -","article_modified_time":"2024-07-07T16:39:22+00:00","twitter_card":"summary_large_image","twitter_misc":{"Tiempo de lectura":"4 minutos"},"schema":{"@context":"https:\/\/schema.org","@graph":[{"@type":"WebPage","@id":"https:\/\/www.trading-bot.fr\/politique-de-confidentialite\/","url":"https:\/\/www.trading-bot.fr\/politique-de-confidentialite\/","name":"Politique de confidentialit\u00e9 -Trading Bot -","isPartOf":{"@id":"https:\/\/www.trading-bot.fr\/#website"},"datePublished":"2024-04-05T12:19:23+00:00","dateModified":"2024-07-07T16:39:22+00:00","breadcrumb":{"@id":"https:\/\/www.trading-bot.fr\/politique-de-confidentialite\/#breadcrumb"},"inLanguage":"es","potentialAction":[{"@type":"ReadAction","target":["https:\/\/www.trading-bot.fr\/politique-de-confidentialite\/"]}]},{"@type":"BreadcrumbList","@id":"https:\/\/www.trading-bot.fr\/politique-de-confidentialite\/#breadcrumb","itemListElement":[{"@type":"ListItem","position":1,"name":"Accueil","item":"https:\/\/www.trading-bot.fr\/"},{"@type":"ListItem","position":2,"name":"Politique de confidentialit\u00e9"}]},{"@type":"WebSite","@id":"https:\/\/www.trading-bot.fr\/#website","url":"https:\/\/www.trading-bot.fr\/","name":"-Trading Bot -","description":"Quelles cryptomonnaies choisir ? Comment automatiser son trading ?  Apprendre le robot trading crypto et le trading automatis\u00e9","potentialAction":[{"@type":"SearchAction","target":{"@type":"EntryPoint","urlTemplate":"https:\/\/www.trading-bot.fr\/?s={search_term_string}"},"query-input":{"@type":"PropertyValueSpecification","valueRequired":true,"valueName":"search_term_string"}}],"inLanguage":"es"}]}},"_links":{"self":[{"href":"https:\/\/www.trading-bot.fr\/es\/wp-json\/wp\/v2\/pages\/3","targetHints":{"allow":["GET"]}}],"collection":[{"href":"https:\/\/www.trading-bot.fr\/es\/wp-json\/wp\/v2\/pages"}],"about":[{"href":"https:\/\/www.trading-bot.fr\/es\/wp-json\/wp\/v2\/types\/page"}],"author":[{"embeddable":true,"href":"https:\/\/www.trading-bot.fr\/es\/wp-json\/wp\/v2\/users\/1"}],"replies":[{"embeddable":true,"href":"https:\/\/www.trading-bot.fr\/es\/wp-json\/wp\/v2\/comments?post=3"}],"version-history":[{"count":5,"href":"https:\/\/www.trading-bot.fr\/es\/wp-json\/wp\/v2\/pages\/3\/revisions"}],"predecessor-version":[{"id":6342,"href":"https:\/\/www.trading-bot.fr\/es\/wp-json\/wp\/v2\/pages\/3\/revisions\/6342"}],"wp:attachment":[{"href":"https:\/\/www.trading-bot.fr\/es\/wp-json\/wp\/v2\/media?parent=3"}],"curies":[{"name":"wp","href":"https:\/\/api.w.org\/{rel}","templated":true}]}}