{"id":8800,"date":"2025-06-10T10:56:48","date_gmt":"2025-06-10T08:56:48","guid":{"rendered":"https:\/\/www.trading-bot.fr\/?page_id=8800"},"modified":"2026-01-07T04:55:03","modified_gmt":"2026-01-07T03:55:03","slug":"creer-modifier-mon-instance-de-trading-dans-le-cloud-1","status":"publish","type":"page","link":"https:\/\/www.trading-bot.fr\/es\/creer-modifier-mon-instance-de-trading-dans-le-cloud-1\/","title":{"rendered":"Crear \/ Modificar mi instancia de comercio en la nube (1)"},"content":{"rendered":"<div data-elementor-type=\"wp-page\" data-elementor-id=\"8800\" class=\"elementor elementor-8800\" data-elementor-post-type=\"page\">\n\t\t\t\t<div class=\"elementor-element elementor-element-0b9f6d1 e-flex e-con-boxed e-con e-parent\" data-id=\"0b9f6d1\" data-element_type=\"container\">\n\t\t\t\t\t<div class=\"e-con-inner\">\n\t\t\t\t<div class=\"elementor-element elementor-element-8259db2 elementor-widget elementor-widget-image\" data-id=\"8259db2\" data-element_type=\"widget\" data-widget_type=\"image.default\">\n\t\t\t\t<div class=\"elementor-widget-container\">\n\t\t\t\t\t\t\t\t\t\t\t\t\t\t\t<img fetchpriority=\"high\" decoding=\"async\" width=\"640\" height=\"427\" src=\"https:\/\/www.trading-bot.fr\/wp-content\/uploads\/2025\/07\/cloud-1024x683.png\" class=\"attachment-large size-large wp-image-9216\" alt=\"\" srcset=\"https:\/\/www.trading-bot.fr\/wp-content\/uploads\/2025\/07\/cloud-1024x683.png 1024w, https:\/\/www.trading-bot.fr\/wp-content\/uploads\/2025\/07\/cloud-300x200.png 300w, https:\/\/www.trading-bot.fr\/wp-content\/uploads\/2025\/07\/cloud-768x512.png 768w, https:\/\/www.trading-bot.fr\/wp-content\/uploads\/2025\/07\/cloud-18x12.png 18w, https:\/\/www.trading-bot.fr\/wp-content\/uploads\/2025\/07\/cloud.png 1120w\" sizes=\"(max-width: 640px) 100vw, 640px\" \/>\t\t\t\t\t\t\t\t\t\t\t\t\t\t\t<\/div>\n\t\t\t\t<\/div>\n\t\t\t\t<div class=\"elementor-element elementor-element-d768f80 elementor-widget elementor-widget-heading\" data-id=\"d768f80\" data-element_type=\"widget\" data-widget_type=\"heading.default\">\n\t\t\t\t<div class=\"elementor-widget-container\">\n\t\t\t\t\t<h1 class=\"elementor-heading-title elementor-size-default\">Crear o modificar una instancia comercial en la nube<\/h1>\t\t\t\t<\/div>\n\t\t\t\t<\/div>\n\t\t\t\t\t<\/div>\n\t\t\t\t<\/div>\n\t\t<div class=\"elementor-element elementor-element-23887ad e-flex e-con-boxed e-con e-parent\" data-id=\"23887ad\" data-element_type=\"container\">\n\t\t\t\t\t<div class=\"e-con-inner\">\n\t\t\t\t<div class=\"elementor-element elementor-element-9038009 elementor-widget elementor-widget-heading\" data-id=\"9038009\" data-element_type=\"widget\" data-widget_type=\"heading.default\">\n\t\t\t\t<div class=\"elementor-widget-container\">\n\t\t\t\t\t<h3 class=\"elementor-heading-title elementor-size-default\">Y automatizar la estrategia directamente desde TradingView<\/h3>\t\t\t\t<\/div>\n\t\t\t\t<\/div>\n\t\t\t\t\t<\/div>\n\t\t\t\t<\/div>\n\t\t<div class=\"elementor-element elementor-element-01e8b46 e-flex e-con-boxed e-con e-parent\" data-id=\"01e8b46\" data-element_type=\"container\">\n\t\t\t\t\t<div class=\"e-con-inner\">\n\t\t\t\t<div class=\"elementor-element elementor-element-6a8e4f0 elementor-align-center elementor-widget elementor-widget-button\" data-id=\"6a8e4f0\" data-element_type=\"widget\" data-widget_type=\"button.default\">\n\t\t\t\t<div class=\"elementor-widget-container\">\n\t\t\t\t\t\t\t\t\t<div class=\"elementor-button-wrapper\">\n\t\t\t\t\t<a class=\"elementor-button elementor-button-link elementor-size-sm\" href=\"https:\/\/www.trading-bot.fr\/creation-modification-dune-instance-de-trading-pour-bitget\/\">\n\t\t\t\t\t\t<span class=\"elementor-button-content-wrapper\">\n\t\t\t\t\t\t\t\t\t<span class=\"elementor-button-text\">Crear \/ Modificar una instancia para BITGET (FUTURE USDT-M)<\/span>\n\t\t\t\t\t<\/span>\n\t\t\t\t\t<\/a>\n\t\t\t\t<\/div>\n\t\t\t\t\t\t\t\t<\/div>\n\t\t\t\t<\/div>\n\t\t\t\t<div class=\"elementor-element elementor-element-c70744e elementor-widget elementor-widget-heading\" data-id=\"c70744e\" data-element_type=\"widget\" data-widget_type=\"heading.default\">\n\t\t\t\t<div class=\"elementor-widget-container\">\n\t\t\t\t\t<h2 class=\"elementor-heading-title elementor-size-default\">Importante \/ A leer :<\/h2>\t\t\t\t<\/div>\n\t\t\t\t<\/div>\n\t\t\t\t<div class=\"elementor-element elementor-element-543b8ef elementor-widget elementor-widget-text-editor\" data-id=\"543b8ef\" data-element_type=\"widget\" data-widget_type=\"text-editor.default\">\n\t\t\t\t<div class=\"elementor-widget-container\">\n\t\t\t\t\t\t\t\t\t<p>Le ofrecemos, de forma gratuita, una o m\u00e1s instancias en la Nube (amazon) que le permiten vincular sus estrategias TradingView directamente a su cuenta BitGet.<\/p><p>Ahora configure la estrategia, cree una alerta en TradingView y la estrategia colocar\u00e1 \u00f3rdenes autom\u00e1ticamente, \u00a1directamente en su cuenta de trading!<br \/><br \/>Tenga en cuenta que las instancias son un regalo y que su uso no est\u00e1 incluido en su suscripci\u00f3n. No proporcionamos ning\u00fan tipo de supervisi\u00f3n legal o t\u00e9cnica una vez creadas las instancias. Una vez creadas, pueden utilizarse sin l\u00edmite de tiempo ni de uso, pero no garantizamos su uso, su utilizaci\u00f3n ni las actualizaciones necesarias. Si desea automatizar estrategias en otras bolsas, puede utilizar una soluci\u00f3n externa como <a href=\"https:\/\/www.trading-bot.fr\/bonus-reduction-pour-vos-inscriptions-aux-services-externes\/\">WunderTrading<\/a> (menos pr\u00e1ctico y de pago).\u00a0<\/p><p>Una vez creada su instancia, tendr\u00e1 su propio webhook personal y\u00a0<strong>cada alerta Tradingview usarlo se convierte en un robot de comercio<\/strong> y autom\u00e1ticamente colocar\u00e1 \u00f3rdenes en su bolsa (BitGet) de la siguiente manera\u00a0<strong>todos los par\u00e1metros de la estrategia en vigor en el momento de la creaci\u00f3n de la alerta <\/strong>(Cripto, TimeFrame, Importe y tipo de importe, apalancamiento, stoploss, etc.)<\/p><ul><li>La instancia s\u00f3lo act\u00faa como intermediario: es la estrategia en TradingView la que gestiona cu\u00e1ndo entrar o salir de las posiciones (incluido el stop-loss).<\/li><li>Intercambios disponibles: Bitget (FUTURES USDT-M) (intercambio centralizado). Si desea utilizar otros brokers, necesitar\u00e1 un intermediario externo, como por ejemplo <a href=\"https:\/\/www.trading-bot.fr\/bonus-reduction-pour-vos-inscriptions-aux-services-externes\/\">WunderTrading<\/a> (que tambi\u00e9n permite PaperTrading)<\/li><li>Una \u00fanica instancia gestiona <b>todas sus alertas para una sola cuenta de negociaci\u00f3n<\/b>\u00a0(una instancia por API)<\/li><li>La soluci\u00f3n t\u00e9cnica elegida es robusta, puede recibir tantas se\u00f1ales simult\u00e1neas como sea necesario y usted dispone de su propia instancia independiente de otras cuentas de usuario. Su instancia est\u00e1 instalada en los servidores de Amazon en Europa para garantizar una disponibilidad y una fiabilidad totales.\u00a0<\/li><li>(Opcional) Puedes recibir mensajes de Telegram cuando uno de tus bots entre o salga de su posici\u00f3n (Ver : <a href=\"https:\/\/www.trading-bot.fr\/comment-recevoir-les-notifications-de-vos-trades-sur-telegram\/\">Obtener mis identificadores de Telegram<\/a>)<\/li><li>Cada entrada de posici\u00f3n establece su cuenta como margen aislado y aplica el apalancamiento disponible en la configuraci\u00f3n de la estrategia.<\/li><li>Para suprimir un bot, basta con suprimir la alerta correspondiente <b>comprobando que no quedan posiciones abiertas en su bolsa.<\/b><\/li><li>Puede utilizar la estrategia en modo Cl\u00e1sico (S\u00d3LO LARGO y S\u00d3LO CORTO) y en modo Swing-Trading.\u00a0<strong> No utilices el modo \"Ambos\" para programar tus bots<\/strong> (riesgo de conflictos)<\/li><li>Para eliminar una instancia, simplemente env\u00edenos un correo electr\u00f3nico con la direcci\u00f3n de correo electr\u00f3nico que utiliz\u00f3 para registrarse.<\/li><li><strong>Utilice los datos de Bitget Swap (.p) en TradingView para operar en Bitget<\/strong>.<\/li><li>Las instancias se abren en un plazo de 12 a 48 horas. Una vez creadas, funcionar\u00e1n hasta que solicites su eliminaci\u00f3n o hasta que caduque tu suscripci\u00f3n.<\/li><li><strong>Una vez creada su instancia,<\/strong> <b>recibir\u00e1 un e-mail con su WEBHOOK personal y un MENSAJE para pegar en todas sus alertas TradingView.<\/b>\u00a0<\/li><\/ul><div>\u00a0<\/div><div>Puede solicitar la creaci\u00f3n o modificaci\u00f3n de una o varias instancias.<br \/>S\u00f3lo podr\u00e1 acceder al formulario de creaci\u00f3n si ha iniciado sesi\u00f3n en el sitio y su suscripci\u00f3n est\u00e1 activa.<\/div>\t\t\t\t\t\t\t\t<\/div>\n\t\t\t\t<\/div>\n\t\t\t\t\t<\/div>\n\t\t\t\t<\/div>\n\t\t<div class=\"elementor-element elementor-element-41ff6ea e-flex e-con-boxed e-con e-parent\" data-id=\"41ff6ea\" data-element_type=\"container\">\n\t\t\t\t\t<div class=\"e-con-inner\">\n\t\t\t\t\t<\/div>\n\t\t\t\t<\/div>\n\t\t\t\t<\/div>","protected":false},"excerpt":{"rendered":"<p>Crear o modificar una instancia de trading en la nube Y automatizar la estrategia directamente desde TradingView Crear \/ Modificar una instancia para BITGET (FUTUROS...<\/p>","protected":false},"author":1,"featured_media":0,"parent":0,"menu_order":0,"comment_status":"closed","ping_status":"closed","template":"","meta":{"pmpro_default_level":"","footnotes":""},"class_list":["post-8800","page","type-page","status-publish","hentry","pmpro-has-access"],"yoast_head":"<!-- This site is optimized with the Yoast SEO plugin v27.4 - https:\/\/yoast.com\/product\/yoast-seo-wordpress\/ -->\n<title>Cr\u00e9er \/ Modifier mon instance de trading dans le cloud (1) -Trading Bot -<\/title>\n<meta name=\"robots\" content=\"index, follow, max-snippet:-1, max-image-preview:large, max-video-preview:-1\" \/>\n<link rel=\"canonical\" href=\"https:\/\/www.trading-bot.fr\/es\/creer-modifier-mon-instance-de-trading-dans-le-cloud-1\/\" \/>\n<meta property=\"og:locale\" content=\"es_ES\" \/>\n<meta property=\"og:type\" content=\"article\" \/>\n<meta property=\"og:title\" content=\"Cr\u00e9er \/ Modifier mon instance de trading dans le cloud (1) -Trading Bot -\" \/>\n<meta property=\"og:description\" content=\"Cr\u00e9er ou modifier une instance de trading dans le cloud Et automatisez la strat\u00e9gie directement depuis TradingView Cr\u00e9er \/ Modifier une instance pour BITGET (FUTURES...\" \/>\n<meta property=\"og:url\" content=\"https:\/\/www.trading-bot.fr\/es\/creer-modifier-mon-instance-de-trading-dans-le-cloud-1\/\" \/>\n<meta property=\"og:site_name\" content=\"-Trading Bot -\" \/>\n<meta property=\"article:modified_time\" content=\"2026-01-07T03:55:03+00:00\" \/>\n<meta property=\"og:image\" content=\"https:\/\/www.trading-bot.fr\/wp-content\/uploads\/2025\/07\/cloud.png\" \/>\n\t<meta property=\"og:image:width\" content=\"1120\" \/>\n\t<meta property=\"og:image:height\" content=\"747\" \/>\n\t<meta property=\"og:image:type\" content=\"image\/png\" \/>\n<meta name=\"twitter:card\" content=\"summary_large_image\" \/>\n<meta name=\"twitter:label1\" content=\"Tiempo de lectura\" \/>\n\t<meta name=\"twitter:data1\" content=\"3 minutos\" \/>\n<script type=\"application\/ld+json\" class=\"yoast-schema-graph\">{\"@context\":\"https:\\\/\\\/schema.org\",\"@graph\":[{\"@type\":\"WebPage\",\"@id\":\"https:\\\/\\\/www.trading-bot.fr\\\/creer-modifier-mon-instance-de-trading-dans-le-cloud-1\\\/\",\"url\":\"https:\\\/\\\/www.trading-bot.fr\\\/creer-modifier-mon-instance-de-trading-dans-le-cloud-1\\\/\",\"name\":\"Cr\u00e9er \\\/ Modifier mon instance de trading dans le cloud (1) -Trading Bot -\",\"isPartOf\":{\"@id\":\"https:\\\/\\\/www.trading-bot.fr\\\/#website\"},\"primaryImageOfPage\":{\"@id\":\"https:\\\/\\\/www.trading-bot.fr\\\/creer-modifier-mon-instance-de-trading-dans-le-cloud-1\\\/#primaryimage\"},\"image\":{\"@id\":\"https:\\\/\\\/www.trading-bot.fr\\\/creer-modifier-mon-instance-de-trading-dans-le-cloud-1\\\/#primaryimage\"},\"thumbnailUrl\":\"https:\\\/\\\/www.trading-bot.fr\\\/wp-content\\\/uploads\\\/2025\\\/07\\\/cloud-1024x683.png\",\"datePublished\":\"2025-06-10T08:56:48+00:00\",\"dateModified\":\"2026-01-07T03:55:03+00:00\",\"breadcrumb\":{\"@id\":\"https:\\\/\\\/www.trading-bot.fr\\\/creer-modifier-mon-instance-de-trading-dans-le-cloud-1\\\/#breadcrumb\"},\"inLanguage\":\"es\",\"potentialAction\":[{\"@type\":\"ReadAction\",\"target\":[\"https:\\\/\\\/www.trading-bot.fr\\\/creer-modifier-mon-instance-de-trading-dans-le-cloud-1\\\/\"]}]},{\"@type\":\"ImageObject\",\"inLanguage\":\"es\",\"@id\":\"https:\\\/\\\/www.trading-bot.fr\\\/creer-modifier-mon-instance-de-trading-dans-le-cloud-1\\\/#primaryimage\",\"url\":\"https:\\\/\\\/www.trading-bot.fr\\\/wp-content\\\/uploads\\\/2025\\\/07\\\/cloud-1024x683.png\",\"contentUrl\":\"https:\\\/\\\/www.trading-bot.fr\\\/wp-content\\\/uploads\\\/2025\\\/07\\\/cloud-1024x683.png\"},{\"@type\":\"BreadcrumbList\",\"@id\":\"https:\\\/\\\/www.trading-bot.fr\\\/creer-modifier-mon-instance-de-trading-dans-le-cloud-1\\\/#breadcrumb\",\"itemListElement\":[{\"@type\":\"ListItem\",\"position\":1,\"name\":\"Accueil\",\"item\":\"https:\\\/\\\/www.trading-bot.fr\\\/\"},{\"@type\":\"ListItem\",\"position\":2,\"name\":\"Cr\u00e9er \\\/ Modifier mon instance de trading dans le cloud (1)\"}]},{\"@type\":\"WebSite\",\"@id\":\"https:\\\/\\\/www.trading-bot.fr\\\/#website\",\"url\":\"https:\\\/\\\/www.trading-bot.fr\\\/\",\"name\":\"-Trading Bot -\",\"description\":\"Quelles cryptomonnaies choisir ? Comment automatiser son trading ?  Apprendre le robot trading crypto et le trading automatis\u00e9\",\"potentialAction\":[{\"@type\":\"SearchAction\",\"target\":{\"@type\":\"EntryPoint\",\"urlTemplate\":\"https:\\\/\\\/www.trading-bot.fr\\\/?s={search_term_string}\"},\"query-input\":{\"@type\":\"PropertyValueSpecification\",\"valueRequired\":true,\"valueName\":\"search_term_string\"}}],\"inLanguage\":\"es\"}]}<\/script>\n<!-- \/ Yoast SEO plugin. -->","yoast_head_json":{"title":"Cr\u00e9er \/ Modifier mon instance de trading dans le cloud (1) -Trading Bot -","robots":{"index":"index","follow":"follow","max-snippet":"max-snippet:-1","max-image-preview":"max-image-preview:large","max-video-preview":"max-video-preview:-1"},"canonical":"https:\/\/www.trading-bot.fr\/es\/creer-modifier-mon-instance-de-trading-dans-le-cloud-1\/","og_locale":"es_ES","og_type":"article","og_title":"Cr\u00e9er \/ Modifier mon instance de trading dans le cloud (1) -Trading Bot -","og_description":"Cr\u00e9er ou modifier une instance de trading dans le cloud Et automatisez la strat\u00e9gie directement depuis TradingView Cr\u00e9er \/ Modifier une instance pour BITGET (FUTURES...","og_url":"https:\/\/www.trading-bot.fr\/es\/creer-modifier-mon-instance-de-trading-dans-le-cloud-1\/","og_site_name":"-Trading Bot -","article_modified_time":"2026-01-07T03:55:03+00:00","og_image":[{"width":1120,"height":747,"url":"https:\/\/www.trading-bot.fr\/wp-content\/uploads\/2025\/07\/cloud.png","type":"image\/png"}],"twitter_card":"summary_large_image","twitter_misc":{"Tiempo de lectura":"3 minutos"},"schema":{"@context":"https:\/\/schema.org","@graph":[{"@type":"WebPage","@id":"https:\/\/www.trading-bot.fr\/creer-modifier-mon-instance-de-trading-dans-le-cloud-1\/","url":"https:\/\/www.trading-bot.fr\/creer-modifier-mon-instance-de-trading-dans-le-cloud-1\/","name":"Cr\u00e9er \/ Modifier mon instance de trading dans le cloud (1) -Trading Bot -","isPartOf":{"@id":"https:\/\/www.trading-bot.fr\/#website"},"primaryImageOfPage":{"@id":"https:\/\/www.trading-bot.fr\/creer-modifier-mon-instance-de-trading-dans-le-cloud-1\/#primaryimage"},"image":{"@id":"https:\/\/www.trading-bot.fr\/creer-modifier-mon-instance-de-trading-dans-le-cloud-1\/#primaryimage"},"thumbnailUrl":"https:\/\/www.trading-bot.fr\/wp-content\/uploads\/2025\/07\/cloud-1024x683.png","datePublished":"2025-06-10T08:56:48+00:00","dateModified":"2026-01-07T03:55:03+00:00","breadcrumb":{"@id":"https:\/\/www.trading-bot.fr\/creer-modifier-mon-instance-de-trading-dans-le-cloud-1\/#breadcrumb"},"inLanguage":"es","potentialAction":[{"@type":"ReadAction","target":["https:\/\/www.trading-bot.fr\/creer-modifier-mon-instance-de-trading-dans-le-cloud-1\/"]}]},{"@type":"ImageObject","inLanguage":"es","@id":"https:\/\/www.trading-bot.fr\/creer-modifier-mon-instance-de-trading-dans-le-cloud-1\/#primaryimage","url":"https:\/\/www.trading-bot.fr\/wp-content\/uploads\/2025\/07\/cloud-1024x683.png","contentUrl":"https:\/\/www.trading-bot.fr\/wp-content\/uploads\/2025\/07\/cloud-1024x683.png"},{"@type":"BreadcrumbList","@id":"https:\/\/www.trading-bot.fr\/creer-modifier-mon-instance-de-trading-dans-le-cloud-1\/#breadcrumb","itemListElement":[{"@type":"ListItem","position":1,"name":"Accueil","item":"https:\/\/www.trading-bot.fr\/"},{"@type":"ListItem","position":2,"name":"Cr\u00e9er \/ Modifier mon instance de trading dans le cloud (1)"}]},{"@type":"WebSite","@id":"https:\/\/www.trading-bot.fr\/#website","url":"https:\/\/www.trading-bot.fr\/","name":"-Trading Bot -","description":"Quelles cryptomonnaies choisir ? Comment automatiser son trading ?  Apprendre le robot trading crypto et le trading automatis\u00e9","potentialAction":[{"@type":"SearchAction","target":{"@type":"EntryPoint","urlTemplate":"https:\/\/www.trading-bot.fr\/?s={search_term_string}"},"query-input":{"@type":"PropertyValueSpecification","valueRequired":true,"valueName":"search_term_string"}}],"inLanguage":"es"}]}},"_links":{"self":[{"href":"https:\/\/www.trading-bot.fr\/es\/wp-json\/wp\/v2\/pages\/8800","targetHints":{"allow":["GET"]}}],"collection":[{"href":"https:\/\/www.trading-bot.fr\/es\/wp-json\/wp\/v2\/pages"}],"about":[{"href":"https:\/\/www.trading-bot.fr\/es\/wp-json\/wp\/v2\/types\/page"}],"author":[{"embeddable":true,"href":"https:\/\/www.trading-bot.fr\/es\/wp-json\/wp\/v2\/users\/1"}],"replies":[{"embeddable":true,"href":"https:\/\/www.trading-bot.fr\/es\/wp-json\/wp\/v2\/comments?post=8800"}],"version-history":[{"count":58,"href":"https:\/\/www.trading-bot.fr\/es\/wp-json\/wp\/v2\/pages\/8800\/revisions"}],"predecessor-version":[{"id":9428,"href":"https:\/\/www.trading-bot.fr\/es\/wp-json\/wp\/v2\/pages\/8800\/revisions\/9428"}],"wp:attachment":[{"href":"https:\/\/www.trading-bot.fr\/es\/wp-json\/wp\/v2\/media?parent=8800"}],"curies":[{"name":"wp","href":"https:\/\/api.w.org\/{rel}","templated":true}]}}