{"id":8887,"date":"2025-06-11T19:00:00","date_gmt":"2025-06-11T17:00:00","guid":{"rendered":"https:\/\/www.trading-bot.fr\/?page_id=8887"},"modified":"2025-06-12T17:42:26","modified_gmt":"2025-06-12T15:42:26","slug":"comment-recevoir-les-notifications-de-vos-trades-sur-telegram","status":"publish","type":"page","link":"https:\/\/www.trading-bot.fr\/es\/comment-recevoir-les-notifications-de-vos-trades-sur-telegram\/","title":{"rendered":"C\u00f3mo recibir notificaciones de tus operaciones en Telegram"},"content":{"rendered":"<div data-elementor-type=\"wp-page\" data-elementor-id=\"8887\" class=\"elementor elementor-8887\" data-elementor-post-type=\"page\">\n\t\t\t\t<div class=\"elementor-element elementor-element-31808a4 e-flex e-con-boxed e-con e-parent\" data-id=\"31808a4\" data-element_type=\"container\">\n\t\t\t\t\t<div class=\"e-con-inner\">\n\t\t\t\t<div class=\"elementor-element elementor-element-6cfb6cb elementor-widget elementor-widget-image\" data-id=\"6cfb6cb\" data-element_type=\"widget\" data-widget_type=\"image.default\">\n\t\t\t\t<div class=\"elementor-widget-container\">\n\t\t\t\t\t\t\t\t\t\t\t\t\t\t\t<img fetchpriority=\"high\" decoding=\"async\" width=\"500\" height=\"500\" src=\"https:\/\/www.trading-bot.fr\/wp-content\/uploads\/2025\/06\/Telegram_logo.svg.png\" class=\"attachment-large size-large wp-image-8889\" alt=\"\" srcset=\"https:\/\/www.trading-bot.fr\/wp-content\/uploads\/2025\/06\/Telegram_logo.svg.png 500w, https:\/\/www.trading-bot.fr\/wp-content\/uploads\/2025\/06\/Telegram_logo.svg-300x300.png 300w, https:\/\/www.trading-bot.fr\/wp-content\/uploads\/2025\/06\/Telegram_logo.svg-150x150.png 150w, https:\/\/www.trading-bot.fr\/wp-content\/uploads\/2025\/06\/Telegram_logo.svg-12x12.png 12w\" sizes=\"(max-width: 500px) 100vw, 500px\" \/>\t\t\t\t\t\t\t\t\t\t\t\t\t\t\t<\/div>\n\t\t\t\t<\/div>\n\t\t\t\t<div class=\"elementor-element elementor-element-666e6df elementor-widget elementor-widget-heading\" data-id=\"666e6df\" data-element_type=\"widget\" data-widget_type=\"heading.default\">\n\t\t\t\t<div class=\"elementor-widget-container\">\n\t\t\t\t\t<h1 class=\"elementor-heading-title elementor-size-default\">\u00bfC\u00f3mo puedo recibir notificaciones de sus operaciones en Telegram?<\/h1>\t\t\t\t<\/div>\n\t\t\t\t<\/div>\n\t\t\t\t\t<\/div>\n\t\t\t\t<\/div>\n\t\t<div class=\"elementor-element elementor-element-1035452 e-flex e-con-boxed e-con e-parent\" data-id=\"1035452\" data-element_type=\"container\">\n\t\t\t\t\t<div class=\"e-con-inner\">\n\t\t\t\t<div class=\"elementor-element elementor-element-c61b889 elementor-widget elementor-widget-text-editor\" data-id=\"c61b889\" data-element_type=\"widget\" data-widget_type=\"text-editor.default\">\n\t\t\t\t<div class=\"elementor-widget-container\">\n\t\t\t\t\t\t\t\t\t<p>Recibe notificaciones de tus operaciones en tiempo real en tu tel\u00e9fono a trav\u00e9s de Telegram. Simplemente instala la aplicaci\u00f3n, sigue los pasos que se indican aqu\u00ed para recuperar tu ID personal y una API para bot que crear\u00e1s y podr\u00e1s recibir todas las notificaciones de tu instancia de trading en tiempo real.\u00a0<\/p><p>El objetivo de este tutorial es que puedas recuperar <b>su identificaci\u00f3n personal <\/b>Telegrama y un <b>API\/Http de bot<\/b>\u00a0que va a crear. Deber\u00e1 facilitar esta informaci\u00f3n cuando solicite la creaci\u00f3n de una instancia para su negociaci\u00f3n para poder vincularse a ella. Te recomendamos que completes todos estos pasos antes de solicitar la creaci\u00f3n de una instancia para que todo est\u00e9 correctamente configurado desde el principio.<\/p><p><strong>Vamos a :<\/strong><br \/>- Instala Telegram si a\u00fan no lo has hecho<br \/>- Recuperar su identificaci\u00f3n personal<br \/>- Cree un bot de API y recupere su API, despu\u00e9s inicie un debate con el bot.<\/p>\t\t\t\t\t\t\t\t<\/div>\n\t\t\t\t<\/div>\n\t\t\t\t\t<\/div>\n\t\t\t\t<\/div>\n\t\t<div class=\"elementor-element elementor-element-fdfaa83 e-flex e-con-boxed e-con e-parent\" data-id=\"fdfaa83\" data-element_type=\"container\">\n\t\t\t\t\t<div class=\"e-con-inner\">\n\t\t\t\t<div class=\"elementor-element elementor-element-06c9fd6 elementor-widget elementor-widget-text-editor\" data-id=\"06c9fd6\" data-element_type=\"widget\" data-widget_type=\"text-editor.default\">\n\t\t\t\t<div class=\"elementor-widget-container\">\n\t\t\t\t\t\t\t\t\t<div class=\"container\"><h2>1\ufe0f\u20e3 Crear una cuenta de Telegram<\/h2><h3>En el m\u00f3vil<\/h3><ol><li>Descarga Telegram en Android o iPhone.<\/li><li>Abra la aplicaci\u00f3n y pulse <strong>Iniciar mensajer\u00eda<\/strong>.<\/li><li>Introduzca su n\u00famero de tel\u00e9fono y, a continuaci\u00f3n, el c\u00f3digo de verificaci\u00f3n que ha recibido por SMS.<\/li><li>Configura tu perfil con un nombre, un apodo y una foto si lo deseas.<\/li><\/ol><h3>En su ordenador<\/h3><ol><li>Ir a <a href=\"https:\/\/web.telegram.org\" target=\"_blank\" rel=\"noopener\">web.telegram.org<\/a>.<\/li><li>Introduce tu n\u00famero y el c\u00f3digo de verificaci\u00f3n para iniciar sesi\u00f3n.<\/li><\/ol><h2>2\ufe0f\u20e3 Recupera tu ID de Telegram v\u00eda @userinfobot<\/h2><ol><li>Buscar en <strong>@usuarioinfobot<\/strong> en Telegram.<\/li><li>Haga clic en <strong>Inicio<\/strong>.<\/li><li>Recibir\u00e1s un mensaje con tu ID de Telegram:<\/li><\/ol><pre>Tu ID de Telegram es: <strong>123456789<\/strong><\/pre><h2>3\ufe0f\u20e3 Crear un bot con @BotFather<\/h2><ol><li>Buscar en <strong>@BotFather<\/strong> en Telegram e inicia una conversaci\u00f3n.<\/li><li>Enviar el pedido <code>\/nuevobot<\/code>.<\/li><li>Elige un nombre para tu bot (por ejemplo, : <em>MyTradingBot<\/em>).<\/li><li>Elija un nombre de usuario \u00fanico (por ejemplo, : <em>TraderXYZ_bot<\/em>).<\/li><li>Obtendr\u00e1 un token HTTP API como se muestra a continuaci\u00f3n:<\/li><\/ol><pre>123456789:ABCDefGhIjKlmNopQRstuVWxyZ<\/pre><h2>4\ufe0f\u20e3 Inicia una conversaci\u00f3n con tu bot<\/h2><ol><li>Busca el nombre de usuario de tu bot (por ejemplo, : <em>@TraderXYZ_bot<\/em>).<\/li><li>Haga clic en \u00e9l y, a continuaci\u00f3n, en <strong>Inicio<\/strong>.<\/li><li>Ahora puedes enviarle mensajes.<\/li><\/ol><h2>\u2705 Resumen<\/h2><ul><li>Crear una cuenta \u2192 Descargar Telegram + SMS<\/li><li>Telegram ID \u2192 @userinfobot<\/li><li>Crear un bot \u2192 @BotFather + \/newbot<\/li><li>API de tokens \u2192 proporcionada por BotFather<\/li><li>Inicia tu bot \u2192 Buscar + clic en Inicio.<\/li><\/ul><\/div>\t\t\t\t\t\t\t\t<\/div>\n\t\t\t\t<\/div>\n\t\t\t\t\t<\/div>\n\t\t\t\t<\/div>\n\t\t\t\t<\/div>","protected":false},"excerpt":{"rendered":"<p>\u00bfC\u00f3mo recibo notificaciones de operaciones en Telegram? Recibe notificaciones de operaciones en tiempo real en tu tel\u00e9fono a trav\u00e9s de Telegram. Es...<\/p>","protected":false},"author":1,"featured_media":0,"parent":0,"menu_order":0,"comment_status":"closed","ping_status":"closed","template":"","meta":{"pmpro_default_level":"","footnotes":""},"class_list":["post-8887","page","type-page","status-publish","hentry","pmpro-has-access"],"yoast_head":"<!-- This site is optimized with the Yoast SEO plugin v27.4 - https:\/\/yoast.com\/product\/yoast-seo-wordpress\/ -->\n<title>Comment recevoir les notifications de vos trades sur Telegram -Trading Bot -<\/title>\n<meta name=\"robots\" content=\"index, follow, max-snippet:-1, max-image-preview:large, max-video-preview:-1\" \/>\n<link rel=\"canonical\" href=\"https:\/\/www.trading-bot.fr\/es\/comment-recevoir-les-notifications-de-vos-trades-sur-telegram\/\" \/>\n<meta property=\"og:locale\" content=\"es_ES\" \/>\n<meta property=\"og:type\" content=\"article\" \/>\n<meta property=\"og:title\" content=\"Comment recevoir les notifications de vos trades sur Telegram -Trading Bot -\" \/>\n<meta property=\"og:description\" content=\"Comment recevoir les notifications de vos trades sur Telegram ? Recevez les notifications de vos trades en temps r\u00e9el sur votre t\u00e9l\u00e9phone via Telegram. Il...\" \/>\n<meta property=\"og:url\" content=\"https:\/\/www.trading-bot.fr\/es\/comment-recevoir-les-notifications-de-vos-trades-sur-telegram\/\" \/>\n<meta property=\"og:site_name\" content=\"-Trading Bot -\" \/>\n<meta property=\"article:modified_time\" content=\"2025-06-12T15:42:26+00:00\" \/>\n<meta property=\"og:image\" content=\"https:\/\/www.trading-bot.fr\/wp-content\/uploads\/2025\/06\/Telegram_logo.svg.png\" \/>\n\t<meta property=\"og:image:width\" content=\"500\" \/>\n\t<meta property=\"og:image:height\" content=\"500\" \/>\n\t<meta property=\"og:image:type\" content=\"image\/png\" \/>\n<meta name=\"twitter:card\" content=\"summary_large_image\" \/>\n<meta name=\"twitter:label1\" content=\"Tiempo de lectura\" \/>\n\t<meta name=\"twitter:data1\" content=\"1 minuto\" \/>\n<script type=\"application\/ld+json\" class=\"yoast-schema-graph\">{\"@context\":\"https:\\\/\\\/schema.org\",\"@graph\":[{\"@type\":\"WebPage\",\"@id\":\"https:\\\/\\\/www.trading-bot.fr\\\/comment-recevoir-les-notifications-de-vos-trades-sur-telegram\\\/\",\"url\":\"https:\\\/\\\/www.trading-bot.fr\\\/comment-recevoir-les-notifications-de-vos-trades-sur-telegram\\\/\",\"name\":\"Comment recevoir les notifications de vos trades sur Telegram -Trading Bot -\",\"isPartOf\":{\"@id\":\"https:\\\/\\\/www.trading-bot.fr\\\/#website\"},\"primaryImageOfPage\":{\"@id\":\"https:\\\/\\\/www.trading-bot.fr\\\/comment-recevoir-les-notifications-de-vos-trades-sur-telegram\\\/#primaryimage\"},\"image\":{\"@id\":\"https:\\\/\\\/www.trading-bot.fr\\\/comment-recevoir-les-notifications-de-vos-trades-sur-telegram\\\/#primaryimage\"},\"thumbnailUrl\":\"https:\\\/\\\/www.trading-bot.fr\\\/wp-content\\\/uploads\\\/2025\\\/06\\\/Telegram_logo.svg.png\",\"datePublished\":\"2025-06-11T17:00:00+00:00\",\"dateModified\":\"2025-06-12T15:42:26+00:00\",\"breadcrumb\":{\"@id\":\"https:\\\/\\\/www.trading-bot.fr\\\/comment-recevoir-les-notifications-de-vos-trades-sur-telegram\\\/#breadcrumb\"},\"inLanguage\":\"es\",\"potentialAction\":[{\"@type\":\"ReadAction\",\"target\":[\"https:\\\/\\\/www.trading-bot.fr\\\/comment-recevoir-les-notifications-de-vos-trades-sur-telegram\\\/\"]}]},{\"@type\":\"ImageObject\",\"inLanguage\":\"es\",\"@id\":\"https:\\\/\\\/www.trading-bot.fr\\\/comment-recevoir-les-notifications-de-vos-trades-sur-telegram\\\/#primaryimage\",\"url\":\"https:\\\/\\\/www.trading-bot.fr\\\/wp-content\\\/uploads\\\/2025\\\/06\\\/Telegram_logo.svg.png\",\"contentUrl\":\"https:\\\/\\\/www.trading-bot.fr\\\/wp-content\\\/uploads\\\/2025\\\/06\\\/Telegram_logo.svg.png\"},{\"@type\":\"BreadcrumbList\",\"@id\":\"https:\\\/\\\/www.trading-bot.fr\\\/comment-recevoir-les-notifications-de-vos-trades-sur-telegram\\\/#breadcrumb\",\"itemListElement\":[{\"@type\":\"ListItem\",\"position\":1,\"name\":\"Accueil\",\"item\":\"https:\\\/\\\/www.trading-bot.fr\\\/\"},{\"@type\":\"ListItem\",\"position\":2,\"name\":\"Comment recevoir les notifications de vos trades sur Telegram\"}]},{\"@type\":\"WebSite\",\"@id\":\"https:\\\/\\\/www.trading-bot.fr\\\/#website\",\"url\":\"https:\\\/\\\/www.trading-bot.fr\\\/\",\"name\":\"-Trading Bot -\",\"description\":\"Quelles cryptomonnaies choisir ? Comment automatiser son trading ?  Apprendre le robot trading crypto et le trading automatis\u00e9\",\"potentialAction\":[{\"@type\":\"SearchAction\",\"target\":{\"@type\":\"EntryPoint\",\"urlTemplate\":\"https:\\\/\\\/www.trading-bot.fr\\\/?s={search_term_string}\"},\"query-input\":{\"@type\":\"PropertyValueSpecification\",\"valueRequired\":true,\"valueName\":\"search_term_string\"}}],\"inLanguage\":\"es\"}]}<\/script>\n<!-- \/ Yoast SEO plugin. -->","yoast_head_json":{"title":"Comment recevoir les notifications de vos trades sur Telegram -Trading Bot -","robots":{"index":"index","follow":"follow","max-snippet":"max-snippet:-1","max-image-preview":"max-image-preview:large","max-video-preview":"max-video-preview:-1"},"canonical":"https:\/\/www.trading-bot.fr\/es\/comment-recevoir-les-notifications-de-vos-trades-sur-telegram\/","og_locale":"es_ES","og_type":"article","og_title":"Comment recevoir les notifications de vos trades sur Telegram -Trading Bot -","og_description":"Comment recevoir les notifications de vos trades sur Telegram ? Recevez les notifications de vos trades en temps r\u00e9el sur votre t\u00e9l\u00e9phone via Telegram. Il...","og_url":"https:\/\/www.trading-bot.fr\/es\/comment-recevoir-les-notifications-de-vos-trades-sur-telegram\/","og_site_name":"-Trading Bot -","article_modified_time":"2025-06-12T15:42:26+00:00","og_image":[{"width":500,"height":500,"url":"https:\/\/www.trading-bot.fr\/wp-content\/uploads\/2025\/06\/Telegram_logo.svg.png","type":"image\/png"}],"twitter_card":"summary_large_image","twitter_misc":{"Tiempo de lectura":"1 minuto"},"schema":{"@context":"https:\/\/schema.org","@graph":[{"@type":"WebPage","@id":"https:\/\/www.trading-bot.fr\/comment-recevoir-les-notifications-de-vos-trades-sur-telegram\/","url":"https:\/\/www.trading-bot.fr\/comment-recevoir-les-notifications-de-vos-trades-sur-telegram\/","name":"Comment recevoir les notifications de vos trades sur Telegram -Trading Bot -","isPartOf":{"@id":"https:\/\/www.trading-bot.fr\/#website"},"primaryImageOfPage":{"@id":"https:\/\/www.trading-bot.fr\/comment-recevoir-les-notifications-de-vos-trades-sur-telegram\/#primaryimage"},"image":{"@id":"https:\/\/www.trading-bot.fr\/comment-recevoir-les-notifications-de-vos-trades-sur-telegram\/#primaryimage"},"thumbnailUrl":"https:\/\/www.trading-bot.fr\/wp-content\/uploads\/2025\/06\/Telegram_logo.svg.png","datePublished":"2025-06-11T17:00:00+00:00","dateModified":"2025-06-12T15:42:26+00:00","breadcrumb":{"@id":"https:\/\/www.trading-bot.fr\/comment-recevoir-les-notifications-de-vos-trades-sur-telegram\/#breadcrumb"},"inLanguage":"es","potentialAction":[{"@type":"ReadAction","target":["https:\/\/www.trading-bot.fr\/comment-recevoir-les-notifications-de-vos-trades-sur-telegram\/"]}]},{"@type":"ImageObject","inLanguage":"es","@id":"https:\/\/www.trading-bot.fr\/comment-recevoir-les-notifications-de-vos-trades-sur-telegram\/#primaryimage","url":"https:\/\/www.trading-bot.fr\/wp-content\/uploads\/2025\/06\/Telegram_logo.svg.png","contentUrl":"https:\/\/www.trading-bot.fr\/wp-content\/uploads\/2025\/06\/Telegram_logo.svg.png"},{"@type":"BreadcrumbList","@id":"https:\/\/www.trading-bot.fr\/comment-recevoir-les-notifications-de-vos-trades-sur-telegram\/#breadcrumb","itemListElement":[{"@type":"ListItem","position":1,"name":"Accueil","item":"https:\/\/www.trading-bot.fr\/"},{"@type":"ListItem","position":2,"name":"Comment recevoir les notifications de vos trades sur Telegram"}]},{"@type":"WebSite","@id":"https:\/\/www.trading-bot.fr\/#website","url":"https:\/\/www.trading-bot.fr\/","name":"-Trading Bot -","description":"Quelles cryptomonnaies choisir ? Comment automatiser son trading ?  Apprendre le robot trading crypto et le trading automatis\u00e9","potentialAction":[{"@type":"SearchAction","target":{"@type":"EntryPoint","urlTemplate":"https:\/\/www.trading-bot.fr\/?s={search_term_string}"},"query-input":{"@type":"PropertyValueSpecification","valueRequired":true,"valueName":"search_term_string"}}],"inLanguage":"es"}]}},"_links":{"self":[{"href":"https:\/\/www.trading-bot.fr\/es\/wp-json\/wp\/v2\/pages\/8887","targetHints":{"allow":["GET"]}}],"collection":[{"href":"https:\/\/www.trading-bot.fr\/es\/wp-json\/wp\/v2\/pages"}],"about":[{"href":"https:\/\/www.trading-bot.fr\/es\/wp-json\/wp\/v2\/types\/page"}],"author":[{"embeddable":true,"href":"https:\/\/www.trading-bot.fr\/es\/wp-json\/wp\/v2\/users\/1"}],"replies":[{"embeddable":true,"href":"https:\/\/www.trading-bot.fr\/es\/wp-json\/wp\/v2\/comments?post=8887"}],"version-history":[{"count":7,"href":"https:\/\/www.trading-bot.fr\/es\/wp-json\/wp\/v2\/pages\/8887\/revisions"}],"predecessor-version":[{"id":8897,"href":"https:\/\/www.trading-bot.fr\/es\/wp-json\/wp\/v2\/pages\/8887\/revisions\/8897"}],"wp:attachment":[{"href":"https:\/\/www.trading-bot.fr\/es\/wp-json\/wp\/v2\/media?parent=8887"}],"curies":[{"name":"wp","href":"https:\/\/api.w.org\/{rel}","templated":true}]}}