{"id":9110,"date":"2025-07-03T09:12:48","date_gmt":"2025-07-03T07:12:48","guid":{"rendered":"https:\/\/www.trading-bot.fr\/?page_id=9110"},"modified":"2026-02-09T13:17:29","modified_gmt":"2026-02-09T12:17:29","slug":"bonus-reduction-pour-vos-inscriptions-aux-services-externes","status":"publish","type":"page","link":"https:\/\/www.trading-bot.fr\/es\/bonus-reduction-pour-vos-inscriptions-aux-services-externes\/","title":{"rendered":"(bonificaci\u00f3n) Descuento en suscripciones a servicios externos"},"content":{"rendered":"<div data-elementor-type=\"wp-page\" data-elementor-id=\"9110\" class=\"elementor elementor-9110\" data-elementor-post-type=\"page\">\n\t\t\t\t<div class=\"elementor-element elementor-element-0f16c14 e-flex e-con-boxed e-con e-parent\" data-id=\"0f16c14\" data-element_type=\"container\">\n\t\t\t\t\t<div class=\"e-con-inner\">\n\t\t\t\t<div class=\"elementor-element elementor-element-30ce403 elementor-widget elementor-widget-heading\" data-id=\"30ce403\" data-element_type=\"widget\" data-widget_type=\"heading.default\">\n\t\t\t\t<div class=\"elementor-widget-container\">\n\t\t\t\t\t<h2 class=\"elementor-heading-title elementor-size-default\">Consigue bonificaciones y descuentos en BitGet \/ Wundertrading<\/h2>\t\t\t\t<\/div>\n\t\t\t\t<\/div>\n\t\t\t\t\t<\/div>\n\t\t\t\t<\/div>\n\t\t<div class=\"elementor-element elementor-element-204d86c e-flex e-con-boxed e-con e-parent\" data-id=\"204d86c\" data-element_type=\"container\">\n\t\t\t\t\t<div class=\"e-con-inner\">\n\t\t\t\t<div class=\"elementor-element elementor-element-069a998 elementor-widget elementor-widget-text-editor\" data-id=\"069a998\" data-element_type=\"widget\" data-widget_type=\"text-editor.default\">\n\t\t\t\t<div class=\"elementor-widget-container\">\n\t\t\t\t\t\t\t\t\t<p><strong>Encontrar\u00e1s en esta p\u00e1gina c\u00f3digos de referencia para tu inscripci\u00f3n para recibir bonificaciones en la inscripci\u00f3n y precios en tu abono, aprov\u00e9chalos.<\/strong><\/p><ul><li><a href=\"https:\/\/fr.tradingview.com\/pricing\/?share_your_love=Trading-Bot-France\" target=\"_blank\" rel=\"noopener\"><span style=\"font-family: Arial, sans-serif;\">Registrarse en Trading-View<\/span><\/a><span style=\"font-family: Arial, sans-serif;\"> (15$ de cr\u00e9dito o m\u00e1s de un mes gratis siguiendo este enlace) : TradinView permite realizar un seguimiento de las criptodivisas y aplicar estrategias automatizables<\/span><\/li><li><span style=\"font-family: Arial, sans-serif;\"><a href=\"https:\/\/wundertrading.com\/en\/register?ref=wbt010b7e05\" target=\"_blank\" rel=\"noopener\">Reg\u00edstrese en WunderTrading<\/a> WunderTrading es un intermediario entre TradingView (que ejecuta la estrategia) y su broker (que mantiene sus criptomonedas y activos). WunderTrading transforma las alertas de la estrategia en \u00f3rdenes de compra o venta. Recibir\u00e1 descuentos y ventajas si se registra siguiendo nuestro enlace.<\/span><\/li><li><span style=\"font-family: Arial, sans-serif;\"><a href=\"https:\/\/share.bitget.com\/u\/YEAEQPSC\" target=\"_blank\" rel=\"noopener\">Registrarse en BitGet<\/a> (Crypto broker : (Los bonos m\u00e1ximos ofrecidos por BitGet en este momento) : Bitget es el broker que utilizamos y le recomendamos. Aqu\u00ed es donde sus activos se mantienen y donde el comercio real se lleva a cabo. Esta es la plataforma donde se mantiene su dinero real.<\/span><\/li><\/ul>\t\t\t\t\t\t\t\t<\/div>\n\t\t\t\t<\/div>\n\t\t\t\t\t<\/div>\n\t\t\t\t<\/div>\n\t\t\t\t<\/div>","protected":false},"excerpt":{"rendered":"<p>Obtenga bonos de registro y descuentos en BitGet \/ Wundertrading En esta p\u00e1gina encontrar\u00e1 c\u00f3digos de referencia para su registro con el fin de obtener un descuento en su...<\/p>","protected":false},"author":1,"featured_media":0,"parent":0,"menu_order":0,"comment_status":"closed","ping_status":"closed","template":"","meta":{"pmpro_default_level":"","footnotes":""},"class_list":["post-9110","page","type-page","status-publish","hentry","pmpro-has-access"],"yoast_head":"<!-- This site is optimized with the Yoast SEO plugin v27.4 - https:\/\/yoast.com\/product\/yoast-seo-wordpress\/ -->\n<title>(bonus) R\u00e9duction pour vos inscriptions aux services externes -Trading Bot -<\/title>\n<meta name=\"robots\" content=\"index, follow, max-snippet:-1, max-image-preview:large, max-video-preview:-1\" \/>\n<link rel=\"canonical\" href=\"https:\/\/www.trading-bot.fr\/es\/bonus-reduction-pour-vos-inscriptions-aux-services-externes\/\" \/>\n<meta property=\"og:locale\" content=\"es_ES\" \/>\n<meta property=\"og:type\" content=\"article\" \/>\n<meta property=\"og:title\" content=\"(bonus) R\u00e9duction pour vos inscriptions aux services externes -Trading Bot -\" \/>\n<meta property=\"og:description\" content=\"Obtenir des bonus d&rsquo;inscription et des r\u00e9ductions sur BitGet \/ Wundertrading Vous trouverez sur cette pages des codes de parrainage pour vos inscription afin de...\" \/>\n<meta property=\"og:url\" content=\"https:\/\/www.trading-bot.fr\/es\/bonus-reduction-pour-vos-inscriptions-aux-services-externes\/\" \/>\n<meta property=\"og:site_name\" content=\"-Trading Bot -\" \/>\n<meta property=\"article:modified_time\" content=\"2026-02-09T12:17:29+00:00\" \/>\n<meta name=\"twitter:card\" content=\"summary_large_image\" \/>\n<meta name=\"twitter:label1\" content=\"Tiempo de lectura\" \/>\n\t<meta name=\"twitter:data1\" content=\"1 minuto\" \/>\n<script type=\"application\/ld+json\" class=\"yoast-schema-graph\">{\"@context\":\"https:\\\/\\\/schema.org\",\"@graph\":[{\"@type\":\"WebPage\",\"@id\":\"https:\\\/\\\/www.trading-bot.fr\\\/bonus-reduction-pour-vos-inscriptions-aux-services-externes\\\/\",\"url\":\"https:\\\/\\\/www.trading-bot.fr\\\/bonus-reduction-pour-vos-inscriptions-aux-services-externes\\\/\",\"name\":\"(bonus) R\u00e9duction pour vos inscriptions aux services externes -Trading Bot -\",\"isPartOf\":{\"@id\":\"https:\\\/\\\/www.trading-bot.fr\\\/#website\"},\"datePublished\":\"2025-07-03T07:12:48+00:00\",\"dateModified\":\"2026-02-09T12:17:29+00:00\",\"breadcrumb\":{\"@id\":\"https:\\\/\\\/www.trading-bot.fr\\\/bonus-reduction-pour-vos-inscriptions-aux-services-externes\\\/#breadcrumb\"},\"inLanguage\":\"es\",\"potentialAction\":[{\"@type\":\"ReadAction\",\"target\":[\"https:\\\/\\\/www.trading-bot.fr\\\/bonus-reduction-pour-vos-inscriptions-aux-services-externes\\\/\"]}]},{\"@type\":\"BreadcrumbList\",\"@id\":\"https:\\\/\\\/www.trading-bot.fr\\\/bonus-reduction-pour-vos-inscriptions-aux-services-externes\\\/#breadcrumb\",\"itemListElement\":[{\"@type\":\"ListItem\",\"position\":1,\"name\":\"Accueil\",\"item\":\"https:\\\/\\\/www.trading-bot.fr\\\/\"},{\"@type\":\"ListItem\",\"position\":2,\"name\":\"(bonus) R\u00e9duction pour vos inscriptions aux services externes\"}]},{\"@type\":\"WebSite\",\"@id\":\"https:\\\/\\\/www.trading-bot.fr\\\/#website\",\"url\":\"https:\\\/\\\/www.trading-bot.fr\\\/\",\"name\":\"-Trading Bot -\",\"description\":\"Quelles cryptomonnaies choisir ? Comment automatiser son trading ?  Apprendre le robot trading crypto et le trading automatis\u00e9\",\"potentialAction\":[{\"@type\":\"SearchAction\",\"target\":{\"@type\":\"EntryPoint\",\"urlTemplate\":\"https:\\\/\\\/www.trading-bot.fr\\\/?s={search_term_string}\"},\"query-input\":{\"@type\":\"PropertyValueSpecification\",\"valueRequired\":true,\"valueName\":\"search_term_string\"}}],\"inLanguage\":\"es\"}]}<\/script>\n<!-- \/ Yoast SEO plugin. -->","yoast_head_json":{"title":"(bonus) R\u00e9duction pour vos inscriptions aux services externes -Trading Bot -","robots":{"index":"index","follow":"follow","max-snippet":"max-snippet:-1","max-image-preview":"max-image-preview:large","max-video-preview":"max-video-preview:-1"},"canonical":"https:\/\/www.trading-bot.fr\/es\/bonus-reduction-pour-vos-inscriptions-aux-services-externes\/","og_locale":"es_ES","og_type":"article","og_title":"(bonus) R\u00e9duction pour vos inscriptions aux services externes -Trading Bot -","og_description":"Obtenir des bonus d&rsquo;inscription et des r\u00e9ductions sur BitGet \/ Wundertrading Vous trouverez sur cette pages des codes de parrainage pour vos inscription afin de...","og_url":"https:\/\/www.trading-bot.fr\/es\/bonus-reduction-pour-vos-inscriptions-aux-services-externes\/","og_site_name":"-Trading Bot -","article_modified_time":"2026-02-09T12:17:29+00:00","twitter_card":"summary_large_image","twitter_misc":{"Tiempo de lectura":"1 minuto"},"schema":{"@context":"https:\/\/schema.org","@graph":[{"@type":"WebPage","@id":"https:\/\/www.trading-bot.fr\/bonus-reduction-pour-vos-inscriptions-aux-services-externes\/","url":"https:\/\/www.trading-bot.fr\/bonus-reduction-pour-vos-inscriptions-aux-services-externes\/","name":"(bonus) R\u00e9duction pour vos inscriptions aux services externes -Trading Bot -","isPartOf":{"@id":"https:\/\/www.trading-bot.fr\/#website"},"datePublished":"2025-07-03T07:12:48+00:00","dateModified":"2026-02-09T12:17:29+00:00","breadcrumb":{"@id":"https:\/\/www.trading-bot.fr\/bonus-reduction-pour-vos-inscriptions-aux-services-externes\/#breadcrumb"},"inLanguage":"es","potentialAction":[{"@type":"ReadAction","target":["https:\/\/www.trading-bot.fr\/bonus-reduction-pour-vos-inscriptions-aux-services-externes\/"]}]},{"@type":"BreadcrumbList","@id":"https:\/\/www.trading-bot.fr\/bonus-reduction-pour-vos-inscriptions-aux-services-externes\/#breadcrumb","itemListElement":[{"@type":"ListItem","position":1,"name":"Accueil","item":"https:\/\/www.trading-bot.fr\/"},{"@type":"ListItem","position":2,"name":"(bonus) R\u00e9duction pour vos inscriptions aux services externes"}]},{"@type":"WebSite","@id":"https:\/\/www.trading-bot.fr\/#website","url":"https:\/\/www.trading-bot.fr\/","name":"-Trading Bot -","description":"Quelles cryptomonnaies choisir ? Comment automatiser son trading ?  Apprendre le robot trading crypto et le trading automatis\u00e9","potentialAction":[{"@type":"SearchAction","target":{"@type":"EntryPoint","urlTemplate":"https:\/\/www.trading-bot.fr\/?s={search_term_string}"},"query-input":{"@type":"PropertyValueSpecification","valueRequired":true,"valueName":"search_term_string"}}],"inLanguage":"es"}]}},"_links":{"self":[{"href":"https:\/\/www.trading-bot.fr\/es\/wp-json\/wp\/v2\/pages\/9110","targetHints":{"allow":["GET"]}}],"collection":[{"href":"https:\/\/www.trading-bot.fr\/es\/wp-json\/wp\/v2\/pages"}],"about":[{"href":"https:\/\/www.trading-bot.fr\/es\/wp-json\/wp\/v2\/types\/page"}],"author":[{"embeddable":true,"href":"https:\/\/www.trading-bot.fr\/es\/wp-json\/wp\/v2\/users\/1"}],"replies":[{"embeddable":true,"href":"https:\/\/www.trading-bot.fr\/es\/wp-json\/wp\/v2\/comments?post=9110"}],"version-history":[{"count":13,"href":"https:\/\/www.trading-bot.fr\/es\/wp-json\/wp\/v2\/pages\/9110\/revisions"}],"predecessor-version":[{"id":9651,"href":"https:\/\/www.trading-bot.fr\/es\/wp-json\/wp\/v2\/pages\/9110\/revisions\/9651"}],"wp:attachment":[{"href":"https:\/\/www.trading-bot.fr\/es\/wp-json\/wp\/v2\/media?parent=9110"}],"curies":[{"name":"wp","href":"https:\/\/api.w.org\/{rel}","templated":true}]}}