{"id":9123,"date":"2025-07-03T09:36:07","date_gmt":"2025-07-03T07:36:07","guid":{"rendered":"https:\/\/www.trading-bot.fr\/?page_id=9123"},"modified":"2026-02-09T10:45:56","modified_gmt":"2026-02-09T09:45:56","slug":"resultats-de-backtest-quotidien-canal-telegram-gratuit","status":"publish","type":"page","link":"https:\/\/www.trading-bot.fr\/es\/resultats-de-backtest-quotidien-canal-telegram-gratuit\/","title":{"rendered":"Resultados del backtest diario: canal gratuito de Telegram"},"content":{"rendered":"<div data-elementor-type=\"wp-page\" data-elementor-id=\"9123\" class=\"elementor elementor-9123\" data-elementor-post-type=\"page\">\n\t\t\t\t<div class=\"elementor-element elementor-element-16e1491 e-flex e-con-boxed e-con e-parent\" data-id=\"16e1491\" data-element_type=\"container\">\n\t\t\t\t\t<div class=\"e-con-inner\">\n\t\t\t\t<div class=\"elementor-element elementor-element-c8a9c3d elementor-widget elementor-widget-image\" data-id=\"c8a9c3d\" data-element_type=\"widget\" data-widget_type=\"image.default\">\n\t\t\t\t<div class=\"elementor-widget-container\">\n\t\t\t\t\t\t\t\t\t\t\t\t\t\t\t<img fetchpriority=\"high\" decoding=\"async\" width=\"500\" height=\"500\" src=\"https:\/\/www.trading-bot.fr\/wp-content\/uploads\/2025\/06\/Telegram_logo.svg.png\" class=\"attachment-large size-large wp-image-8889\" alt=\"\" srcset=\"https:\/\/www.trading-bot.fr\/wp-content\/uploads\/2025\/06\/Telegram_logo.svg.png 500w, https:\/\/www.trading-bot.fr\/wp-content\/uploads\/2025\/06\/Telegram_logo.svg-300x300.png 300w, https:\/\/www.trading-bot.fr\/wp-content\/uploads\/2025\/06\/Telegram_logo.svg-150x150.png 150w, https:\/\/www.trading-bot.fr\/wp-content\/uploads\/2025\/06\/Telegram_logo.svg-12x12.png 12w\" sizes=\"(max-width: 500px) 100vw, 500px\" \/>\t\t\t\t\t\t\t\t\t\t\t\t\t\t\t<\/div>\n\t\t\t\t<\/div>\n\t\t\t\t<div class=\"elementor-element elementor-element-6b955a5 elementor-widget elementor-widget-heading\" data-id=\"6b955a5\" data-element_type=\"widget\" data-widget_type=\"heading.default\">\n\t\t\t\t<div class=\"elementor-widget-container\">\n\t\t\t\t\t<h2 class=\"elementor-heading-title elementor-size-default\">Ajustes sugeridos y noticias: Canal de Telegram gratuito<\/h2>\t\t\t\t<\/div>\n\t\t\t\t<\/div>\n\t\t\t\t\t<\/div>\n\t\t\t\t<\/div>\n\t\t<div class=\"elementor-element elementor-element-e607ee9 e-flex e-con-boxed e-con e-parent\" data-id=\"e607ee9\" data-element_type=\"container\">\n\t\t\t\t\t<div class=\"e-con-inner\">\n\t\t\t\t<div class=\"elementor-element elementor-element-1b3a340 elementor-widget elementor-widget-image\" data-id=\"1b3a340\" data-element_type=\"widget\" data-widget_type=\"image.default\">\n\t\t\t\t<div class=\"elementor-widget-container\">\n\t\t\t\t\t\t\t\t\t\t\t\t\t\t\t<img decoding=\"async\" width=\"520\" height=\"401\" src=\"https:\/\/www.trading-bot.fr\/wp-content\/uploads\/2026\/01\/Capture-decran-2026-01-07-150656.png\" class=\"attachment-large size-large wp-image-9481\" alt=\"\" srcset=\"https:\/\/www.trading-bot.fr\/wp-content\/uploads\/2026\/01\/Capture-decran-2026-01-07-150656.png 520w, https:\/\/www.trading-bot.fr\/wp-content\/uploads\/2026\/01\/Capture-decran-2026-01-07-150656-300x231.png 300w, https:\/\/www.trading-bot.fr\/wp-content\/uploads\/2026\/01\/Capture-decran-2026-01-07-150656-16x12.png 16w\" sizes=\"(max-width: 520px) 100vw, 520px\" \/>\t\t\t\t\t\t\t\t\t\t\t\t\t\t\t<\/div>\n\t\t\t\t<\/div>\n\t\t\t\t<div class=\"elementor-element elementor-element-f0589e3 elementor-widget elementor-widget-heading\" data-id=\"f0589e3\" data-element_type=\"widget\" data-widget_type=\"heading.default\">\n\t\t\t\t<div class=\"elementor-widget-container\">\n\t\t\t\t\t<h2 class=\"elementor-heading-title elementor-size-default\">Canal de Telegram para recibir backtests de tu estrategia:<\/h2>\t\t\t\t<\/div>\n\t\t\t\t<\/div>\n\t\t\t\t<div class=\"elementor-element elementor-element-bd3d1c1 elementor-widget elementor-widget-text-editor\" data-id=\"bd3d1c1\" data-element_type=\"widget\" data-widget_type=\"text-editor.default\">\n\t\t\t\t<div class=\"elementor-widget-container\">\n\t\t\t\t\t\t\t\t\t<p><strong>Para suscribirte al canal de Telegram y recibir sugerencias de configuraci\u00f3n y noticias sobre nuestros servicios, sigue este enlace:<\/strong> <a href=\"https:\/\/t.me\/+rZmfVV6clvQ5ZjFk\">https:\/\/t.me\/+rZmfVV6clvQ5ZjFk<\/a><\/p>\t\t\t\t\t\t\t\t<\/div>\n\t\t\t\t<\/div>\n\t\t\t\t\t<\/div>\n\t\t\t\t<\/div>\n\t\t\t\t<\/div>","protected":false},"excerpt":{"rendered":"<p>Ajustes sugeridos y noticias: Canal de Telegram gratuito Canal de Telegram para recibir backtests de tu estrategia: Para suscribirte al canal de Telegram...<\/p>","protected":false},"author":1,"featured_media":0,"parent":0,"menu_order":0,"comment_status":"closed","ping_status":"closed","template":"","meta":{"pmpro_default_level":"","footnotes":""},"class_list":["post-9123","page","type-page","status-publish","hentry","pmpro-has-access"],"yoast_head":"<!-- This site is optimized with the Yoast SEO plugin v27.4 - https:\/\/yoast.com\/product\/yoast-seo-wordpress\/ -->\n<title>R\u00e9sultats de backtest quotidien : Canal Telegram gratuit -Trading Bot -<\/title>\n<meta name=\"robots\" content=\"index, follow, max-snippet:-1, max-image-preview:large, max-video-preview:-1\" \/>\n<link rel=\"canonical\" href=\"https:\/\/www.trading-bot.fr\/es\/resultats-de-backtest-quotidien-canal-telegram-gratuit\/\" \/>\n<meta property=\"og:locale\" content=\"es_ES\" \/>\n<meta property=\"og:type\" content=\"article\" \/>\n<meta property=\"og:title\" content=\"R\u00e9sultats de backtest quotidien : Canal Telegram gratuit -Trading Bot -\" \/>\n<meta property=\"og:description\" content=\"Propositions de r\u00e9glages et actualit\u00e9 : Canal Telegram gratuit Canal Telegram pour recevoir les backtest pour votre strat\u00e9gie : Pour vous inscrire au canal Telegram...\" \/>\n<meta property=\"og:url\" content=\"https:\/\/www.trading-bot.fr\/es\/resultats-de-backtest-quotidien-canal-telegram-gratuit\/\" \/>\n<meta property=\"og:site_name\" content=\"-Trading Bot -\" \/>\n<meta property=\"article:modified_time\" content=\"2026-02-09T09:45:56+00:00\" \/>\n<meta property=\"og:image\" content=\"https:\/\/www.trading-bot.fr\/wp-content\/uploads\/2025\/06\/Telegram_logo.svg.png\" \/>\n\t<meta property=\"og:image:width\" content=\"500\" \/>\n\t<meta property=\"og:image:height\" content=\"500\" \/>\n\t<meta property=\"og:image:type\" content=\"image\/png\" \/>\n<meta name=\"twitter:card\" content=\"summary_large_image\" \/>\n<meta name=\"twitter:label1\" content=\"Tiempo de lectura\" \/>\n\t<meta name=\"twitter:data1\" content=\"1 minuto\" \/>\n<script type=\"application\/ld+json\" class=\"yoast-schema-graph\">{\"@context\":\"https:\\\/\\\/schema.org\",\"@graph\":[{\"@type\":\"WebPage\",\"@id\":\"https:\\\/\\\/www.trading-bot.fr\\\/resultats-de-backtest-quotidien-canal-telegram-gratuit\\\/\",\"url\":\"https:\\\/\\\/www.trading-bot.fr\\\/resultats-de-backtest-quotidien-canal-telegram-gratuit\\\/\",\"name\":\"R\u00e9sultats de backtest quotidien : Canal Telegram gratuit -Trading Bot -\",\"isPartOf\":{\"@id\":\"https:\\\/\\\/www.trading-bot.fr\\\/#website\"},\"primaryImageOfPage\":{\"@id\":\"https:\\\/\\\/www.trading-bot.fr\\\/resultats-de-backtest-quotidien-canal-telegram-gratuit\\\/#primaryimage\"},\"image\":{\"@id\":\"https:\\\/\\\/www.trading-bot.fr\\\/resultats-de-backtest-quotidien-canal-telegram-gratuit\\\/#primaryimage\"},\"thumbnailUrl\":\"https:\\\/\\\/www.trading-bot.fr\\\/wp-content\\\/uploads\\\/2025\\\/06\\\/Telegram_logo.svg.png\",\"datePublished\":\"2025-07-03T07:36:07+00:00\",\"dateModified\":\"2026-02-09T09:45:56+00:00\",\"breadcrumb\":{\"@id\":\"https:\\\/\\\/www.trading-bot.fr\\\/resultats-de-backtest-quotidien-canal-telegram-gratuit\\\/#breadcrumb\"},\"inLanguage\":\"es\",\"potentialAction\":[{\"@type\":\"ReadAction\",\"target\":[\"https:\\\/\\\/www.trading-bot.fr\\\/resultats-de-backtest-quotidien-canal-telegram-gratuit\\\/\"]}]},{\"@type\":\"ImageObject\",\"inLanguage\":\"es\",\"@id\":\"https:\\\/\\\/www.trading-bot.fr\\\/resultats-de-backtest-quotidien-canal-telegram-gratuit\\\/#primaryimage\",\"url\":\"https:\\\/\\\/www.trading-bot.fr\\\/wp-content\\\/uploads\\\/2025\\\/06\\\/Telegram_logo.svg.png\",\"contentUrl\":\"https:\\\/\\\/www.trading-bot.fr\\\/wp-content\\\/uploads\\\/2025\\\/06\\\/Telegram_logo.svg.png\"},{\"@type\":\"BreadcrumbList\",\"@id\":\"https:\\\/\\\/www.trading-bot.fr\\\/resultats-de-backtest-quotidien-canal-telegram-gratuit\\\/#breadcrumb\",\"itemListElement\":[{\"@type\":\"ListItem\",\"position\":1,\"name\":\"Accueil\",\"item\":\"https:\\\/\\\/www.trading-bot.fr\\\/\"},{\"@type\":\"ListItem\",\"position\":2,\"name\":\"R\u00e9sultats de backtest quotidien : Canal Telegram gratuit\"}]},{\"@type\":\"WebSite\",\"@id\":\"https:\\\/\\\/www.trading-bot.fr\\\/#website\",\"url\":\"https:\\\/\\\/www.trading-bot.fr\\\/\",\"name\":\"-Trading Bot -\",\"description\":\"Quelles cryptomonnaies choisir ? Comment automatiser son trading ?  Apprendre le robot trading crypto et le trading automatis\u00e9\",\"potentialAction\":[{\"@type\":\"SearchAction\",\"target\":{\"@type\":\"EntryPoint\",\"urlTemplate\":\"https:\\\/\\\/www.trading-bot.fr\\\/?s={search_term_string}\"},\"query-input\":{\"@type\":\"PropertyValueSpecification\",\"valueRequired\":true,\"valueName\":\"search_term_string\"}}],\"inLanguage\":\"es\"}]}<\/script>\n<!-- \/ Yoast SEO plugin. -->","yoast_head_json":{"title":"R\u00e9sultats de backtest quotidien : Canal Telegram gratuit -Trading Bot -","robots":{"index":"index","follow":"follow","max-snippet":"max-snippet:-1","max-image-preview":"max-image-preview:large","max-video-preview":"max-video-preview:-1"},"canonical":"https:\/\/www.trading-bot.fr\/es\/resultats-de-backtest-quotidien-canal-telegram-gratuit\/","og_locale":"es_ES","og_type":"article","og_title":"R\u00e9sultats de backtest quotidien : Canal Telegram gratuit -Trading Bot -","og_description":"Propositions de r\u00e9glages et actualit\u00e9 : Canal Telegram gratuit Canal Telegram pour recevoir les backtest pour votre strat\u00e9gie : Pour vous inscrire au canal Telegram...","og_url":"https:\/\/www.trading-bot.fr\/es\/resultats-de-backtest-quotidien-canal-telegram-gratuit\/","og_site_name":"-Trading Bot -","article_modified_time":"2026-02-09T09:45:56+00:00","og_image":[{"width":500,"height":500,"url":"https:\/\/www.trading-bot.fr\/wp-content\/uploads\/2025\/06\/Telegram_logo.svg.png","type":"image\/png"}],"twitter_card":"summary_large_image","twitter_misc":{"Tiempo de lectura":"1 minuto"},"schema":{"@context":"https:\/\/schema.org","@graph":[{"@type":"WebPage","@id":"https:\/\/www.trading-bot.fr\/resultats-de-backtest-quotidien-canal-telegram-gratuit\/","url":"https:\/\/www.trading-bot.fr\/resultats-de-backtest-quotidien-canal-telegram-gratuit\/","name":"R\u00e9sultats de backtest quotidien : Canal Telegram gratuit -Trading Bot -","isPartOf":{"@id":"https:\/\/www.trading-bot.fr\/#website"},"primaryImageOfPage":{"@id":"https:\/\/www.trading-bot.fr\/resultats-de-backtest-quotidien-canal-telegram-gratuit\/#primaryimage"},"image":{"@id":"https:\/\/www.trading-bot.fr\/resultats-de-backtest-quotidien-canal-telegram-gratuit\/#primaryimage"},"thumbnailUrl":"https:\/\/www.trading-bot.fr\/wp-content\/uploads\/2025\/06\/Telegram_logo.svg.png","datePublished":"2025-07-03T07:36:07+00:00","dateModified":"2026-02-09T09:45:56+00:00","breadcrumb":{"@id":"https:\/\/www.trading-bot.fr\/resultats-de-backtest-quotidien-canal-telegram-gratuit\/#breadcrumb"},"inLanguage":"es","potentialAction":[{"@type":"ReadAction","target":["https:\/\/www.trading-bot.fr\/resultats-de-backtest-quotidien-canal-telegram-gratuit\/"]}]},{"@type":"ImageObject","inLanguage":"es","@id":"https:\/\/www.trading-bot.fr\/resultats-de-backtest-quotidien-canal-telegram-gratuit\/#primaryimage","url":"https:\/\/www.trading-bot.fr\/wp-content\/uploads\/2025\/06\/Telegram_logo.svg.png","contentUrl":"https:\/\/www.trading-bot.fr\/wp-content\/uploads\/2025\/06\/Telegram_logo.svg.png"},{"@type":"BreadcrumbList","@id":"https:\/\/www.trading-bot.fr\/resultats-de-backtest-quotidien-canal-telegram-gratuit\/#breadcrumb","itemListElement":[{"@type":"ListItem","position":1,"name":"Accueil","item":"https:\/\/www.trading-bot.fr\/"},{"@type":"ListItem","position":2,"name":"R\u00e9sultats de backtest quotidien : Canal Telegram gratuit"}]},{"@type":"WebSite","@id":"https:\/\/www.trading-bot.fr\/#website","url":"https:\/\/www.trading-bot.fr\/","name":"-Trading Bot -","description":"Quelles cryptomonnaies choisir ? Comment automatiser son trading ?  Apprendre le robot trading crypto et le trading automatis\u00e9","potentialAction":[{"@type":"SearchAction","target":{"@type":"EntryPoint","urlTemplate":"https:\/\/www.trading-bot.fr\/?s={search_term_string}"},"query-input":{"@type":"PropertyValueSpecification","valueRequired":true,"valueName":"search_term_string"}}],"inLanguage":"es"}]}},"_links":{"self":[{"href":"https:\/\/www.trading-bot.fr\/es\/wp-json\/wp\/v2\/pages\/9123","targetHints":{"allow":["GET"]}}],"collection":[{"href":"https:\/\/www.trading-bot.fr\/es\/wp-json\/wp\/v2\/pages"}],"about":[{"href":"https:\/\/www.trading-bot.fr\/es\/wp-json\/wp\/v2\/types\/page"}],"author":[{"embeddable":true,"href":"https:\/\/www.trading-bot.fr\/es\/wp-json\/wp\/v2\/users\/1"}],"replies":[{"embeddable":true,"href":"https:\/\/www.trading-bot.fr\/es\/wp-json\/wp\/v2\/comments?post=9123"}],"version-history":[{"count":22,"href":"https:\/\/www.trading-bot.fr\/es\/wp-json\/wp\/v2\/pages\/9123\/revisions"}],"predecessor-version":[{"id":9602,"href":"https:\/\/www.trading-bot.fr\/es\/wp-json\/wp\/v2\/pages\/9123\/revisions\/9602"}],"wp:attachment":[{"href":"https:\/\/www.trading-bot.fr\/es\/wp-json\/wp\/v2\/media?parent=9123"}],"curies":[{"name":"wp","href":"https:\/\/api.w.org\/{rel}","templated":true}]}}