{"id":9139,"date":"2025-07-03T10:01:50","date_gmt":"2025-07-03T08:01:50","guid":{"rendered":"https:\/\/www.trading-bot.fr\/?page_id=9139"},"modified":"2025-07-03T10:09:15","modified_gmt":"2025-07-03T08:09:15","slug":"resultats-de-backtest-premium-canal-telegram-premium","status":"publish","type":"page","link":"https:\/\/www.trading-bot.fr\/es\/resultats-de-backtest-premium-canal-telegram-premium\/","title":{"rendered":"Resultados del backtest Premium: Canal Telegram Premium"},"content":{"rendered":"<p>Resultados completos del backtest: Canal Telegram Premium Adem\u00e1s de ofrecerte una excelente estrategia de trading, te proporcionamos los ajustes necesarios para que... <\/p>\n<div class=\"pmpro\"><div class=\"pmpro_card pmpro_content_message\"><div class=\"pmpro_card_content\">Este contenido est\u00e1 reservado exclusivamente a los miembros.<br \/><a href=\"https:\/\/www.trading-bot.fr\/es\/niveaux-dadhesion\/\">\u00danete a<\/a><\/div><div class=\"pmpro_card_actions pmpro_font-medium\">\u00bfYa eres miembro? <a href=\"https:\/\/www.trading-bot.fr\/es\/login\/?redirect_to=https%3A%2F%2Fwww.trading-bot.fr%2Fes%2Fresultats-de-backtest-premium-canal-telegram-premium%2F\">Acceda aqu\u00ed<\/a><\/div><\/div><\/div>","protected":false},"excerpt":{"rendered":"<p>Resultados backtest completos: Canal Telegram Premium Adem\u00e1s de ofrecerte una excelente estrategia de trading, te proporcionamos la configuraci\u00f3n......... <\/p>\n<div class=\"pmpro\"><div class=\"pmpro_card pmpro_content_message\"><div class=\"pmpro_card_content\">Este contenido est\u00e1 reservado exclusivamente a los miembros.<br \/><a href=\"https:\/\/www.trading-bot.fr\/es\/niveaux-dadhesion\/\">\u00danete a<\/a><\/div><div class=\"pmpro_card_actions pmpro_font-medium\">\u00bfYa eres miembro? <a href=\"https:\/\/www.trading-bot.fr\/es\/login\/?redirect_to=https%3A%2F%2Fwww.trading-bot.fr%2Fes%2Fresultats-de-backtest-premium-canal-telegram-premium%2F\">Acceda aqu\u00ed<\/a><\/div><\/div><\/div>","protected":false},"author":1,"featured_media":0,"parent":0,"menu_order":0,"comment_status":"closed","ping_status":"closed","template":"","meta":{"pmpro_default_level":"","footnotes":""},"class_list":["post-9139","page","type-page","status-publish","hentry","pmpro-level-required","pmpro-level-8","pmpro-no-access"],"yoast_head":"<!-- This site is optimized with the Yoast SEO plugin v27.5 - https:\/\/yoast.com\/product\/yoast-seo-wordpress\/ -->\n<title>R\u00e9sultats de backtest Premium : Canal Telegram Premium -Trading Bot -<\/title>\n<meta name=\"robots\" content=\"index, follow, max-snippet:-1, max-image-preview:large, max-video-preview:-1\" \/>\n<link rel=\"canonical\" href=\"https:\/\/www.trading-bot.fr\/es\/resultats-de-backtest-premium-canal-telegram-premium\/\" \/>\n<meta property=\"og:locale\" content=\"es_ES\" \/>\n<meta property=\"og:type\" content=\"article\" \/>\n<meta property=\"og:title\" content=\"R\u00e9sultats de backtest Premium : Canal Telegram Premium -Trading Bot -\" \/>\n<meta property=\"og:description\" content=\"R\u00e9sultats de backtest complets : Canal Telegram Premium En plus de vous proposer une excellente strat\u00e9gie de trading, nous mettons \u00e0 votre disposition les r\u00e9glages......\" \/>\n<meta property=\"og:url\" content=\"https:\/\/www.trading-bot.fr\/es\/resultats-de-backtest-premium-canal-telegram-premium\/\" \/>\n<meta property=\"og:site_name\" content=\"-Trading Bot -\" \/>\n<meta property=\"article:modified_time\" content=\"2025-07-03T08:09:15+00:00\" \/>\n<meta property=\"og:image\" content=\"https:\/\/www.trading-bot.fr\/wp-content\/uploads\/2025\/06\/Telegram_logo.svg.png\" \/>\n<meta name=\"twitter:card\" content=\"summary_large_image\" \/>\n<meta name=\"twitter:label1\" content=\"Tiempo de lectura\" \/>\n\t<meta name=\"twitter:data1\" content=\"2 minutos\" \/>\n<script type=\"application\/ld+json\" class=\"yoast-schema-graph\">{\"@context\":\"https:\\\/\\\/schema.org\",\"@graph\":[{\"@type\":\"WebPage\",\"@id\":\"https:\\\/\\\/www.trading-bot.fr\\\/resultats-de-backtest-premium-canal-telegram-premium\\\/\",\"url\":\"https:\\\/\\\/www.trading-bot.fr\\\/resultats-de-backtest-premium-canal-telegram-premium\\\/\",\"name\":\"R\u00e9sultats de backtest Premium : Canal Telegram Premium -Trading Bot -\",\"isPartOf\":{\"@id\":\"https:\\\/\\\/www.trading-bot.fr\\\/#website\"},\"primaryImageOfPage\":{\"@id\":\"https:\\\/\\\/www.trading-bot.fr\\\/resultats-de-backtest-premium-canal-telegram-premium\\\/#primaryimage\"},\"image\":{\"@id\":\"https:\\\/\\\/www.trading-bot.fr\\\/resultats-de-backtest-premium-canal-telegram-premium\\\/#primaryimage\"},\"thumbnailUrl\":\"https:\\\/\\\/www.trading-bot.fr\\\/wp-content\\\/uploads\\\/2025\\\/06\\\/Telegram_logo.svg.png\",\"datePublished\":\"2025-07-03T08:01:50+00:00\",\"dateModified\":\"2025-07-03T08:09:15+00:00\",\"breadcrumb\":{\"@id\":\"https:\\\/\\\/www.trading-bot.fr\\\/resultats-de-backtest-premium-canal-telegram-premium\\\/#breadcrumb\"},\"inLanguage\":\"es\",\"potentialAction\":[{\"@type\":\"ReadAction\",\"target\":[\"https:\\\/\\\/www.trading-bot.fr\\\/resultats-de-backtest-premium-canal-telegram-premium\\\/\"]}]},{\"@type\":\"ImageObject\",\"inLanguage\":\"es\",\"@id\":\"https:\\\/\\\/www.trading-bot.fr\\\/resultats-de-backtest-premium-canal-telegram-premium\\\/#primaryimage\",\"url\":\"https:\\\/\\\/www.trading-bot.fr\\\/wp-content\\\/uploads\\\/2025\\\/06\\\/Telegram_logo.svg.png\",\"contentUrl\":\"https:\\\/\\\/www.trading-bot.fr\\\/wp-content\\\/uploads\\\/2025\\\/06\\\/Telegram_logo.svg.png\"},{\"@type\":\"BreadcrumbList\",\"@id\":\"https:\\\/\\\/www.trading-bot.fr\\\/resultats-de-backtest-premium-canal-telegram-premium\\\/#breadcrumb\",\"itemListElement\":[{\"@type\":\"ListItem\",\"position\":1,\"name\":\"Accueil\",\"item\":\"https:\\\/\\\/www.trading-bot.fr\\\/\"},{\"@type\":\"ListItem\",\"position\":2,\"name\":\"R\u00e9sultats de backtest Premium : Canal Telegram Premium\"}]},{\"@type\":\"WebSite\",\"@id\":\"https:\\\/\\\/www.trading-bot.fr\\\/#website\",\"url\":\"https:\\\/\\\/www.trading-bot.fr\\\/\",\"name\":\"-Trading Bot -\",\"description\":\"Quelles cryptomonnaies choisir ? Comment automatiser son trading ?  Apprendre le robot trading crypto et le trading automatis\u00e9\",\"potentialAction\":[{\"@type\":\"SearchAction\",\"target\":{\"@type\":\"EntryPoint\",\"urlTemplate\":\"https:\\\/\\\/www.trading-bot.fr\\\/?s={search_term_string}\"},\"query-input\":{\"@type\":\"PropertyValueSpecification\",\"valueRequired\":true,\"valueName\":\"search_term_string\"}}],\"inLanguage\":\"es\"}]}<\/script>\n<!-- \/ Yoast SEO plugin. -->","yoast_head_json":{"title":"R\u00e9sultats de backtest Premium : Canal Telegram Premium -Trading Bot -","robots":{"index":"index","follow":"follow","max-snippet":"max-snippet:-1","max-image-preview":"max-image-preview:large","max-video-preview":"max-video-preview:-1"},"canonical":"https:\/\/www.trading-bot.fr\/es\/resultats-de-backtest-premium-canal-telegram-premium\/","og_locale":"es_ES","og_type":"article","og_title":"R\u00e9sultats de backtest Premium : Canal Telegram Premium -Trading Bot -","og_description":"R\u00e9sultats de backtest complets : Canal Telegram Premium En plus de vous proposer une excellente strat\u00e9gie de trading, nous mettons \u00e0 votre disposition les r\u00e9glages......","og_url":"https:\/\/www.trading-bot.fr\/es\/resultats-de-backtest-premium-canal-telegram-premium\/","og_site_name":"-Trading Bot -","article_modified_time":"2025-07-03T08:09:15+00:00","og_image":[{"url":"https:\/\/www.trading-bot.fr\/wp-content\/uploads\/2025\/06\/Telegram_logo.svg.png","type":"","width":"","height":""}],"twitter_card":"summary_large_image","twitter_misc":{"Tiempo de lectura":"2 minutos"},"schema":{"@context":"https:\/\/schema.org","@graph":[{"@type":"WebPage","@id":"https:\/\/www.trading-bot.fr\/resultats-de-backtest-premium-canal-telegram-premium\/","url":"https:\/\/www.trading-bot.fr\/resultats-de-backtest-premium-canal-telegram-premium\/","name":"R\u00e9sultats de backtest Premium : Canal Telegram Premium -Trading Bot -","isPartOf":{"@id":"https:\/\/www.trading-bot.fr\/#website"},"primaryImageOfPage":{"@id":"https:\/\/www.trading-bot.fr\/resultats-de-backtest-premium-canal-telegram-premium\/#primaryimage"},"image":{"@id":"https:\/\/www.trading-bot.fr\/resultats-de-backtest-premium-canal-telegram-premium\/#primaryimage"},"thumbnailUrl":"https:\/\/www.trading-bot.fr\/wp-content\/uploads\/2025\/06\/Telegram_logo.svg.png","datePublished":"2025-07-03T08:01:50+00:00","dateModified":"2025-07-03T08:09:15+00:00","breadcrumb":{"@id":"https:\/\/www.trading-bot.fr\/resultats-de-backtest-premium-canal-telegram-premium\/#breadcrumb"},"inLanguage":"es","potentialAction":[{"@type":"ReadAction","target":["https:\/\/www.trading-bot.fr\/resultats-de-backtest-premium-canal-telegram-premium\/"]}]},{"@type":"ImageObject","inLanguage":"es","@id":"https:\/\/www.trading-bot.fr\/resultats-de-backtest-premium-canal-telegram-premium\/#primaryimage","url":"https:\/\/www.trading-bot.fr\/wp-content\/uploads\/2025\/06\/Telegram_logo.svg.png","contentUrl":"https:\/\/www.trading-bot.fr\/wp-content\/uploads\/2025\/06\/Telegram_logo.svg.png"},{"@type":"BreadcrumbList","@id":"https:\/\/www.trading-bot.fr\/resultats-de-backtest-premium-canal-telegram-premium\/#breadcrumb","itemListElement":[{"@type":"ListItem","position":1,"name":"Accueil","item":"https:\/\/www.trading-bot.fr\/"},{"@type":"ListItem","position":2,"name":"R\u00e9sultats de backtest Premium : Canal Telegram Premium"}]},{"@type":"WebSite","@id":"https:\/\/www.trading-bot.fr\/#website","url":"https:\/\/www.trading-bot.fr\/","name":"-Trading Bot -","description":"Quelles cryptomonnaies choisir ? Comment automatiser son trading ?  Apprendre le robot trading crypto et le trading automatis\u00e9","potentialAction":[{"@type":"SearchAction","target":{"@type":"EntryPoint","urlTemplate":"https:\/\/www.trading-bot.fr\/?s={search_term_string}"},"query-input":{"@type":"PropertyValueSpecification","valueRequired":true,"valueName":"search_term_string"}}],"inLanguage":"es"}]}},"_links":{"self":[{"href":"https:\/\/www.trading-bot.fr\/es\/wp-json\/wp\/v2\/pages\/9139","targetHints":{"allow":["GET"]}}],"collection":[{"href":"https:\/\/www.trading-bot.fr\/es\/wp-json\/wp\/v2\/pages"}],"about":[{"href":"https:\/\/www.trading-bot.fr\/es\/wp-json\/wp\/v2\/types\/page"}],"author":[{"embeddable":true,"href":"https:\/\/www.trading-bot.fr\/es\/wp-json\/wp\/v2\/users\/1"}],"replies":[{"embeddable":true,"href":"https:\/\/www.trading-bot.fr\/es\/wp-json\/wp\/v2\/comments?post=9139"}],"version-history":[{"count":5,"href":"https:\/\/www.trading-bot.fr\/es\/wp-json\/wp\/v2\/pages\/9139\/revisions"}],"predecessor-version":[{"id":9245,"href":"https:\/\/www.trading-bot.fr\/es\/wp-json\/wp\/v2\/pages\/9139\/revisions\/9245"}],"wp:attachment":[{"href":"https:\/\/www.trading-bot.fr\/es\/wp-json\/wp\/v2\/media?parent=9139"}],"curies":[{"name":"wp","href":"https:\/\/api.w.org\/{rel}","templated":true}]}}